{"id":147,"date":"2017-07-11T14:43:33","date_gmt":"2017-07-11T12:43:33","guid":{"rendered":"http:\/\/lasource.be\/?page_id=147"},"modified":"2024-02-13T15:53:08","modified_gmt":"2024-02-13T14:53:08","slug":"accueil","status":"publish","type":"page","link":"https:\/\/lasource.be\/?page_id=147","title":{"rendered":"Qui sommes-nous ?"},"content":{"rendered":"<p><em>La Source, une belle aventure humaine&#8230;<\/em><\/p>\n<p>C\u2019est en <strong>1983<\/strong> que commence cette belle aventure humaine.<\/p>\n<p>A l\u2019initiative du centre de Guidance et du CPAS de Bouillon, divers services \u00e0 la population sont mis en place :<\/p>\n<ul>\n<li>Une Maison des Enfants<\/li>\n<li>Un Service D\u00e9pannage<\/li>\n<li>Un Atelier de Couture<\/li>\n<li>Un Salon-Lavoir<\/li>\n<li>Un Magasin de v\u00eatements de seconde main<\/li>\n<li>Un Centre de Documentation<\/li>\n<\/ul>\n<p>\u00ab La Source, une cascade de ressources \u00bb a \u00e9t\u00e9 cr\u00e9\u00e9e sous forme d\u2019ASBL en <strong>1992<\/strong> et a obtenu sa reconnaissance en tant que C.I.S.P. (Centre d\u2019Insertion Socio Professionnelle) en <strong>1994<\/strong>.<\/p>\n<p>Depuis <strong>2002<\/strong>, \u00ab La Source \u00bb assure une initiation \u00e0 l&rsquo;informatique dans le cadre du P.M.T.I.C. destin\u00e9e \u00e0 sensibiliser et \u00e0 former les personnes sans emploi aux technologies de l\u2019information et de la communication.<\/p>\n<p>En <strong>2003<\/strong> : \u00ab La maison des Enfants \u00bb\u00a0 prend son envol comme A.S.B.L. ind\u00e9pendante.<\/p>\n<p>Partant des besoins de la population, l&rsquo;association a diversifi\u00e9 ses initiatives et a obtenu des agr\u00e9ments compl\u00e9mentaires au CISP dans l&rsquo;objectif de la cr\u00e9ation d&#8217;emplois.<\/p>\n<p><strong>2004<\/strong> : agr\u00e9ment Titres-Services<br \/>\n<strong>2008<\/strong> : agr\u00e9ment Service d&rsquo;Insertion Sociale<br \/>\n<strong>2010<\/strong> : agr\u00e9ment Espace Public Num\u00e9rique<br \/>\n<strong>2011<\/strong> : mise en place de la formation au permis de conduire th\u00e9orique<br \/>\n<strong>2017<\/strong> : agr\u00e9ment ILI &#8211; Initiatives Locales l&rsquo;Int\u00e9gration<br \/>\n<strong>2024<\/strong> : agr\u00e9ment DIGISTART &#8211; Formation aux comp\u00e9tences num\u00e9riques de base pour les demandeurs d&#8217;emploi (remplace le dispositif PMTIC)<\/p>\n<p>Les activit\u00e9s \u00e9voluent, se d\u00e9veloppent\u2026<\/p>\n<p>Chaque ann\u00e9e, l\u2019ASBL met en place diff\u00e9rents appels \u00e0 projets \u00ab Bien vieillir en Province de Luxembourg \u00bb, \u00ab EPN \u00bb, \u00ab Initiatives Locales d\u2019Int\u00e9gration \u00bb,\u2026<\/p>\n<hr \/>\n<p>&nbsp;<\/p>\n","protected":false},"excerpt":{"rendered":"<p>La Source, une belle aventure humaine&#8230; C\u2019est en 1983 que commence cette belle aventure humaine. A l\u2019initiative du centre de Guidance et du CPAS de Bouillon, divers services \u00e0 la&hellip; <a href=\"https:\/\/lasource.be\/?page_id=147\" class=\"more-link\">Lire la suite <span class=\"screen-reader-text\">Qui sommes-nous ?<\/span><\/a><\/p>\n","protected":false},"author":1,"featured_media":0,"parent":0,"menu_order":0,"comment_status":"closed","ping_status":"closed","template":"","meta":{"jetpack_post_was_ever_published":false},"tags":[],"jetpack_sharing_enabled":true,"jetpack_shortlink":"https:\/\/wp.me\/P8UIgU-2n","jetpack-related-posts":[{"id":45,"url":"https:\/\/lasource.be\/?page_id=45","url_meta":{"origin":147,"position":0},"title":"Centre de Formation CISP","date":"6 juillet 2017","format":false,"excerpt":"Les Centres d\u2019insertion socioprofessionnelle (CISP) assurent la formation de stagiaires \u00e9loign\u00e9s de l\u2019emploi. Ils recourent \u00e0 une p\u00e9dagogie sp\u00e9cifique pour permettre aux stagiaires d\u2019acqu\u00e9rir des comp\u00e9tences g\u00e9n\u00e9rales et techniques, tout en b\u00e9n\u00e9ficiant d\u2019un accompagnement psychosocial. Les CISP remplacent les Organismes d\u2019insertion socioprofessionnelle (OISP) et les Entreprises de Formation par le\u2026","rel":"","context":"Article similaire","img":{"alt_text":"","src":"","width":0,"height":0},"classes":[]},{"id":46,"url":"https:\/\/lasource.be\/?page_id=46","url_meta":{"origin":147,"position":1},"title":"Service d&rsquo;Insertion Sociale","date":"6 juillet 2017","format":false,"excerpt":"Vous vous posez des questions sur votre avenir ? Vous souhaitez briser votre isolement et reprendre go\u00fbt \u00e0 la vie sociale ? Vous cherchez un lieu d'accueil chaleureux o\u00f9 l'on vous \u00e9coute, o\u00f9 l'on partage, o\u00f9 vous avez la parole ? Venez nous rejoindre ! Le public cible : Le\u2026","rel":"","context":"Article similaire","img":{"alt_text":"","src":"https:\/\/i0.wp.com\/lasource.be\/wp-content\/uploads\/2024\/09\/pub-bulletin-communal-2024-FINISH-300x211.png?resize=350%2C200&ssl=1","width":350,"height":200},"classes":[]},{"id":85,"url":"https:\/\/lasource.be\/?page_id=85","url_meta":{"origin":147,"position":2},"title":"Au Fil de l&rsquo;Eau","date":"7 juillet 2017","format":false,"excerpt":"Salon-lavoir\u00a0 -\u00a0 Repassage L'id\u00e9e d'ouvrir un atelier couture, salon-lavoir est apparue en 1984. Au fil du temps, l'id\u00e9e germa pour lui donner naissance en 1987. Apr\u00e8s plusieurs saisons florissantes, on le baptisa \"Au Fil de l'Eau\"... L\u2019atelier \u00ab Au Fil de l\u2019Eau \u00bb propose diff\u00e9rents services tels que : Centrale\u2026","rel":"","context":"Article similaire","img":{"alt_text":"","src":"https:\/\/i0.wp.com\/lasource.be\/wp-content\/uploads\/2022\/04\/Indexation-salon-lavoir-Lessive-300x212.png?resize=350%2C200","width":350,"height":200},"classes":[]},{"id":895,"url":"https:\/\/lasource.be\/?page_id=895","url_meta":{"origin":147,"position":3},"title":"Atelier multim\u00e9dia \/ R\u00e9alisation d&rsquo;un documentaire au centre \u00ab\u00a0Revivre \u00e0 Sugny\u00a0\u00bb","date":"4 d\u00e9cembre 2018","format":false,"excerpt":"","rel":"","context":"Article similaire","img":{"alt_text":"","src":"https:\/\/i0.wp.com\/lasource.be\/wp-content\/uploads\/2018\/12\/IMG_9668.jpg?resize=350%2C200","width":350,"height":200},"classes":[]},{"id":42,"url":"https:\/\/lasource.be\/?page_id=42","url_meta":{"origin":147,"position":4},"title":"Formation de base en BUREAUTIQUE","date":"6 juillet 2017","format":false,"excerpt":"Form\u00e9 \u00e0 la pointe du progr\u00e8s, mettez toutes les chances de votre c\u00f4t\u00e9 ! Afin de vous initier ou de vous perfectionner, nous vous proposons diverses formations adapt\u00e9es \u00e0 tous les niveaux \u00a0 Nous proposons des formations informatiques adapt\u00e9es \u00e0 tous les niveaux, destin\u00e9es aux chercheurs d'emploi : La formation\u2026","rel":"","context":"Article similaire","img":{"alt_text":"","src":"https:\/\/i0.wp.com\/lasource.be\/wp-content\/uploads\/2018\/08\/SAM_9977-300x225.jpg?resize=350%2C200","width":350,"height":200},"classes":[]},{"id":47,"url":"https:\/\/lasource.be\/?page_id=47","url_meta":{"origin":147,"position":5},"title":"Espace Public Num\u00e9rique","date":"6 juillet 2017","format":false,"excerpt":"Labellis\u00e9 \"EPN de Wallonie\" depuis 2010, La Source vous propose son service unique dans la r\u00e9gion de Bouillon baptis\u00e9 l' EPN de la Semois Vous n'avez pas d'ordinateur ? Cet espace est pour vous ! De nos jours, l'informatique est devenu indispensable et fait partie de notre quotidien. C'est pourquoi\u2026","rel":"","context":"Article similaire","img":{"alt_text":"","src":"","width":0,"height":0},"classes":[]}],"_links":{"self":[{"href":"https:\/\/lasource.be\/index.php?rest_route=\/wp\/v2\/pages\/147"}],"collection":[{"href":"https:\/\/lasource.be\/index.php?rest_route=\/wp\/v2\/pages"}],"about":[{"href":"https:\/\/lasource.be\/index.php?rest_route=\/wp\/v2\/types\/page"}],"author":[{"embeddable":true,"href":"https:\/\/lasource.be\/index.php?rest_route=\/wp\/v2\/users\/1"}],"replies":[{"embeddable":true,"href":"https:\/\/lasource.be\/index.php?rest_route=%2Fwp%2Fv2%2Fcomments&post=147"}],"version-history":[{"count":15,"href":"https:\/\/lasource.be\/index.php?rest_route=\/wp\/v2\/pages\/147\/revisions"}],"predecessor-version":[{"id":204,"href":"https:\/\/lasource.be\/index.php?rest_route=\/wp\/v2\/pages\/147\/revisions\/204"}],"wp:attachment":[{"href":"https:\/\/lasource.be\/index.php?rest_route=%2Fwp%2Fv2%2Fmedia&parent=147"}],"wp:term":[{"taxonomy":"post_tag","embeddable":true,"href":"https:\/\/lasource.be\/index.php?rest_route=%2Fwp%2Fv2%2Ftags&post=147"}],"curies":[{"name":"wp","href":"https:\/\/api.w.org\/{rel}","templated":true}]}}