{"id":40,"date":"2017-07-06T16:00:32","date_gmt":"2017-07-06T14:00:32","guid":{"rendered":"http:\/\/lasource.be\/?page_id=40"},"modified":"2017-07-10T11:31:43","modified_gmt":"2017-07-10T09:31:43","slug":"nos-services","status":"publish","type":"page","link":"https:\/\/lasource.be\/?page_id=40","title":{"rendered":"Nos Services"},"content":{"rendered":"","protected":false},"excerpt":{"rendered":"","protected":false},"author":1,"featured_media":0,"parent":0,"menu_order":2,"comment_status":"closed","ping_status":"closed","template":"","meta":{"jetpack_post_was_ever_published":false},"tags":[],"jetpack_sharing_enabled":true,"jetpack_shortlink":"https:\/\/wp.me\/P8UIgU-E","jetpack-related-posts":[{"id":48,"url":"https:\/\/lasource.be\/?page_id=48","url_meta":{"origin":40,"position":0},"title":"Titres-Services","date":"6 juillet 2017","format":false,"excerpt":"Confiance - Comp\u00e9tence - Proximit\u00e9 Besoin d'un petit ou d'un gros coup de mains ? \u00a0 Nous proposons au domicile du client : Le nettoyage de l'habitation et des vitres Le repassage \u00e0 domicile Les courses m\u00e9nag\u00e8res La pr\u00e9paration des repas \u00a0 Nous proposons \u00e9galement au sein de notre atelier\u2026","rel":"","context":"Article similaire","img":{"alt_text":"","src":"","width":0,"height":0},"classes":[]},{"id":46,"url":"https:\/\/lasource.be\/?page_id=46","url_meta":{"origin":40,"position":1},"title":"Service d&rsquo;Insertion Sociale","date":"6 juillet 2017","format":false,"excerpt":"Vous vous posez des questions sur votre avenir ? Vous souhaitez briser votre isolement et reprendre go\u00fbt \u00e0 la vie sociale ? Vous cherchez un lieu d'accueil chaleureux o\u00f9 l'on vous \u00e9coute, o\u00f9 l'on partage, o\u00f9 vous avez la parole ? Venez nous rejoindre ! Le public cible : Le\u2026","rel":"","context":"Article similaire","img":{"alt_text":"","src":"https:\/\/i0.wp.com\/lasource.be\/wp-content\/uploads\/2024\/09\/pub-bulletin-communal-2024-FINISH-300x211.png?resize=350%2C200&ssl=1","width":350,"height":200},"classes":[]},{"id":41,"url":"https:\/\/lasource.be\/?page_id=41","url_meta":{"origin":40,"position":2},"title":"Notre \u00e9quipe","date":"6 juillet 2017","format":false,"excerpt":"Notre \u00e9quipe sera ravie de vous accueillir\u2026 La direction : Sophie GOOSSE Le service social : Audrey BRICHET Sophie GOOSSE Elodie ISTASSE Vinciane GOFFAUX Le service comptabilit\u00e9 : Sylvie LAMOTTE Les formateurs : Informatique : Laurent BOURDON (Informatique\/Bureautique\/Animateur Espace Public Num\u00e9rique) Sophie HENON (Informatique\/Bureautique\/DIGISTART) Multim\u00e9dia : Nicola\u00ef BLOMSTRAND (Multim\u00e9dia\/Photographie) Remise\u2026","rel":"","context":"Article similaire","img":{"alt_text":"","src":"","width":0,"height":0},"classes":[]},{"id":147,"url":"https:\/\/lasource.be\/?page_id=147","url_meta":{"origin":40,"position":3},"title":"Qui sommes-nous ?","date":"11 juillet 2017","format":false,"excerpt":"La Source, une belle aventure humaine... C\u2019est en 1983 que commence cette belle aventure humaine. A l\u2019initiative du centre de Guidance et du CPAS de Bouillon, divers services \u00e0 la population sont mis en place : Une Maison des Enfants Un Service D\u00e9pannage Un Atelier de Couture Un Salon-Lavoir Un\u2026","rel":"","context":"Article similaire","img":{"alt_text":"","src":"","width":0,"height":0},"classes":[]},{"id":47,"url":"https:\/\/lasource.be\/?page_id=47","url_meta":{"origin":40,"position":4},"title":"Espace Public Num\u00e9rique","date":"6 juillet 2017","format":false,"excerpt":"Labellis\u00e9 \"EPN de Wallonie\" depuis 2010, La Source vous propose son service unique dans la r\u00e9gion de Bouillon baptis\u00e9 l' EPN de la Semois Vous n'avez pas d'ordinateur ? Cet espace est pour vous ! De nos jours, l'informatique est devenu indispensable et fait partie de notre quotidien. C'est pourquoi\u2026","rel":"","context":"Article similaire","img":{"alt_text":"","src":"","width":0,"height":0},"classes":[]},{"id":45,"url":"https:\/\/lasource.be\/?page_id=45","url_meta":{"origin":40,"position":5},"title":"Centre de Formation CISP","date":"6 juillet 2017","format":false,"excerpt":"Les Centres d\u2019insertion socioprofessionnelle (CISP) assurent la formation de stagiaires \u00e9loign\u00e9s de l\u2019emploi. Ils recourent \u00e0 une p\u00e9dagogie sp\u00e9cifique pour permettre aux stagiaires d\u2019acqu\u00e9rir des comp\u00e9tences g\u00e9n\u00e9rales et techniques, tout en b\u00e9n\u00e9ficiant d\u2019un accompagnement psychosocial. Les CISP remplacent les Organismes d\u2019insertion socioprofessionnelle (OISP) et les Entreprises de Formation par le\u2026","rel":"","context":"Article similaire","img":{"alt_text":"","src":"","width":0,"height":0},"classes":[]}],"_links":{"self":[{"href":"https:\/\/lasource.be\/index.php?rest_route=\/wp\/v2\/pages\/40"}],"collection":[{"href":"https:\/\/lasource.be\/index.php?rest_route=\/wp\/v2\/pages"}],"about":[{"href":"https:\/\/lasource.be\/index.php?rest_route=\/wp\/v2\/types\/page"}],"author":[{"embeddable":true,"href":"https:\/\/lasource.be\/index.php?rest_route=\/wp\/v2\/users\/1"}],"replies":[{"embeddable":true,"href":"https:\/\/lasource.be\/index.php?rest_route=%2Fwp%2Fv2%2Fcomments&post=40"}],"version-history":[{"count":1,"href":"https:\/\/lasource.be\/index.php?rest_route=\/wp\/v2\/pages\/40\/revisions"}],"predecessor-version":[{"id":51,"href":"https:\/\/lasource.be\/index.php?rest_route=\/wp\/v2\/pages\/40\/revisions\/51"}],"wp:attachment":[{"href":"https:\/\/lasource.be\/index.php?rest_route=%2Fwp%2Fv2%2Fmedia&parent=40"}],"wp:term":[{"taxonomy":"post_tag","embeddable":true,"href":"https:\/\/lasource.be\/index.php?rest_route=%2Fwp%2Fv2%2Ftags&post=40"}],"curies":[{"name":"wp","href":"https:\/\/api.w.org\/{rel}","templated":true}]}}