{"id":42,"date":"2017-07-06T16:00:32","date_gmt":"2017-07-06T14:00:32","guid":{"rendered":"http:\/\/lasource.be\/?page_id=42"},"modified":"2025-08-08T12:14:35","modified_gmt":"2025-08-08T10:14:35","slug":"informatique","status":"publish","type":"page","link":"https:\/\/lasource.be\/?page_id=42","title":{"rendered":"Formation de base en BUREAUTIQUE"},"content":{"rendered":"<p><img data-attachment-id=\"251\" data-permalink=\"https:\/\/lasource.be\/?attachment_id=251\" data-orig-file=\"https:\/\/i0.wp.com\/lasource.be\/wp-content\/uploads\/2017\/07\/Logo-INFO-D\u00e9partement-informatique-vague-bleue-1.png?fit=592%2C518&amp;ssl=1\" data-orig-size=\"592,518\" data-comments-opened=\"1\" data-image-meta=\"{&quot;aperture&quot;:&quot;0&quot;,&quot;credit&quot;:&quot;&quot;,&quot;camera&quot;:&quot;&quot;,&quot;caption&quot;:&quot;&quot;,&quot;created_timestamp&quot;:&quot;0&quot;,&quot;copyright&quot;:&quot;&quot;,&quot;focal_length&quot;:&quot;0&quot;,&quot;iso&quot;:&quot;0&quot;,&quot;shutter_speed&quot;:&quot;0&quot;,&quot;title&quot;:&quot;&quot;,&quot;orientation&quot;:&quot;0&quot;}\" data-image-title=\"Logo INFO &#8211; D\u00e9partement informatique &#8211; vague bleue\" data-image-description=\"\" data-image-caption=\"\" data-medium-file=\"https:\/\/i0.wp.com\/lasource.be\/wp-content\/uploads\/2017\/07\/Logo-INFO-D\u00e9partement-informatique-vague-bleue-1.png?fit=300%2C263&amp;ssl=1\" data-large-file=\"https:\/\/i0.wp.com\/lasource.be\/wp-content\/uploads\/2017\/07\/Logo-INFO-D\u00e9partement-informatique-vague-bleue-1.png?fit=592%2C518&amp;ssl=1\" decoding=\"async\" loading=\"lazy\" class=\"wp-image-251 aligncenter\" src=\"https:\/\/i0.wp.com\/lasource.be\/wp-content\/uploads\/2017\/07\/Logo-INFO-D\u00e9partement-informatique-vague-bleue-1-300x263.png?resize=140%2C123\" alt=\"\" width=\"140\" height=\"123\" srcset=\"https:\/\/i0.wp.com\/lasource.be\/wp-content\/uploads\/2017\/07\/Logo-INFO-D\u00e9partement-informatique-vague-bleue-1.png?resize=300%2C263&amp;ssl=1 300w, https:\/\/i0.wp.com\/lasource.be\/wp-content\/uploads\/2017\/07\/Logo-INFO-D\u00e9partement-informatique-vague-bleue-1.png?w=592&amp;ssl=1 592w\" sizes=\"(max-width: 140px) 100vw, 140px\" data-recalc-dims=\"1\" \/><\/p>\n<p style=\"text-align: center;\"><em>Form\u00e9 \u00e0 la pointe du progr\u00e8s, mettez toutes les chances de votre c\u00f4t\u00e9 ! <\/em><br \/>\n<em>Afin de vous initier ou de vous perfectionner, nous vous proposons<\/em><br \/>\n<em>diverses formations adapt\u00e9es \u00e0 tous les niveaux<\/em><\/p>\n<p>&nbsp;<\/p>\n<p>Nous proposons des formations informatiques adapt\u00e9es \u00e0 tous les niveaux, destin\u00e9es aux chercheurs d&#8217;emploi :<\/p>\n<ul>\n<li>La formation <a href=\"http:\/\/lasource.be\/?page_id=231\" target=\"_blank\" rel=\"noopener\"><span style=\"color: #36b7c1;\"><strong>\u00ab\u00a0Bureau&rsquo;Tic\u00a0\u00bb<\/strong><\/span><\/a> : bas\u00e9e sur l&rsquo;apprentissage des logiciels de la suite bureautique Microsoft Office<\/li>\n<li>La formation <a href=\"https:\/\/lasource.be\/?page_id=2478\" target=\"_blank\" rel=\"noopener\"><span style=\"color: #36b7c1;\"><strong>\u00ab\u00a0<\/strong><\/span><span style=\"color: #36b7c1;\"><strong>DIGISTART<\/strong><\/span><span style=\"color: #36b7c1;\"><strong>\u00ab\u00a0<\/strong><\/span><\/a> : formation aux comp\u00e9tences num\u00e9riques de base favorisant l\u2019insertion socioprofessionnelle et visant l&rsquo;autonomie professionnelle et personnelle (destin\u00e9e aux d\u00e9butants)<\/li>\n<\/ul>\n<p>Notre espace informatique, lumineux et convivial, est \u00e9quip\u00e9 de 12 ordinateurs (PC fixes sous Windows 11).<\/p>\n<p>Afin de rendre les formations attractives et interactives, nous disposons \u00e9galement d&rsquo;un tableau interactif, d&rsquo;un r\u00e9troprojecteur, d&rsquo;une imprimante laser, de 2 tablettes et de 12 ordinateurs portables.<\/p>\n<p>Vous pouvez d\u00e9couvrir nos formations plus en d\u00e9tails dans les onglets respectifs.<\/p>\n<hr \/>\n<figure id=\"attachment_771\" aria-describedby=\"caption-attachment-771\" style=\"width: 300px\" class=\"wp-caption alignleft\"><a href=\"https:\/\/i0.wp.com\/lasource.be\/wp-content\/uploads\/2018\/08\/SAM_9977.jpg\" target=\"_blank\" rel=\"noopener\"><img data-attachment-id=\"771\" data-permalink=\"https:\/\/lasource.be\/?attachment_id=771\" data-orig-file=\"https:\/\/i0.wp.com\/lasource.be\/wp-content\/uploads\/2018\/08\/SAM_9977.jpg?fit=4608%2C3456&amp;ssl=1\" data-orig-size=\"4608,3456\" data-comments-opened=\"1\" data-image-meta=\"{&quot;aperture&quot;:&quot;2.5&quot;,&quot;credit&quot;:&quot;&quot;,&quot;camera&quot;:&quot;ST150F\\\/ST151F\\\/ST152F&quot;,&quot;caption&quot;:&quot;SAMSUNG CAMERA PICTURES&quot;,&quot;created_timestamp&quot;:&quot;1534956979&quot;,&quot;copyright&quot;:&quot;Copyright 2012&quot;,&quot;focal_length&quot;:&quot;4.5&quot;,&quot;iso&quot;:&quot;120&quot;,&quot;shutter_speed&quot;:&quot;0.033333333333333&quot;,&quot;title&quot;:&quot;SAMSUNG CAMERA PICTURES&quot;,&quot;orientation&quot;:&quot;1&quot;}\" data-image-title=\"Salle informatique\" data-image-description=\"\" data-image-caption=\"&lt;p&gt;Notre salle informatique&lt;\/p&gt;\n\" data-medium-file=\"https:\/\/i0.wp.com\/lasource.be\/wp-content\/uploads\/2018\/08\/SAM_9977.jpg?fit=300%2C225&amp;ssl=1\" data-large-file=\"https:\/\/i0.wp.com\/lasource.be\/wp-content\/uploads\/2018\/08\/SAM_9977.jpg?fit=825%2C619&amp;ssl=1\" decoding=\"async\" loading=\"lazy\" class=\"wp-image-771 size-medium\" src=\"https:\/\/i0.wp.com\/lasource.be\/wp-content\/uploads\/2018\/08\/SAM_9977-300x225.jpg?resize=300%2C225\" alt=\"\" width=\"300\" height=\"225\" srcset=\"https:\/\/i0.wp.com\/lasource.be\/wp-content\/uploads\/2018\/08\/SAM_9977.jpg?resize=300%2C225&amp;ssl=1 300w, https:\/\/i0.wp.com\/lasource.be\/wp-content\/uploads\/2018\/08\/SAM_9977.jpg?resize=768%2C576&amp;ssl=1 768w, https:\/\/i0.wp.com\/lasource.be\/wp-content\/uploads\/2018\/08\/SAM_9977.jpg?resize=1024%2C768&amp;ssl=1 1024w, https:\/\/i0.wp.com\/lasource.be\/wp-content\/uploads\/2018\/08\/SAM_9977.jpg?w=1650&amp;ssl=1 1650w, https:\/\/i0.wp.com\/lasource.be\/wp-content\/uploads\/2018\/08\/SAM_9977.jpg?w=2475&amp;ssl=1 2475w\" sizes=\"(max-width: 300px) 100vw, 300px\" data-recalc-dims=\"1\" \/><\/a><figcaption id=\"caption-attachment-771\" class=\"wp-caption-text\">Notre salle informatique<\/figcaption><\/figure>\n<figure id=\"attachment_769\" aria-describedby=\"caption-attachment-769\" style=\"width: 300px\" class=\"wp-caption alignleft\"><a href=\"https:\/\/i0.wp.com\/lasource.be\/wp-content\/uploads\/2018\/08\/SAM_9973.jpg\" target=\"_blank\" rel=\"noopener\"><img data-attachment-id=\"769\" data-permalink=\"https:\/\/lasource.be\/?attachment_id=769\" data-orig-file=\"https:\/\/i0.wp.com\/lasource.be\/wp-content\/uploads\/2018\/08\/SAM_9973.jpg?fit=4608%2C3456&amp;ssl=1\" data-orig-size=\"4608,3456\" data-comments-opened=\"1\" data-image-meta=\"{&quot;aperture&quot;:&quot;2.5&quot;,&quot;credit&quot;:&quot;&quot;,&quot;camera&quot;:&quot;ST150F\\\/ST151F\\\/ST152F&quot;,&quot;caption&quot;:&quot;SAMSUNG CAMERA PICTURES&quot;,&quot;created_timestamp&quot;:&quot;1534949599&quot;,&quot;copyright&quot;:&quot;Copyright 2012&quot;,&quot;focal_length&quot;:&quot;4.5&quot;,&quot;iso&quot;:&quot;120&quot;,&quot;shutter_speed&quot;:&quot;0.033333333333333&quot;,&quot;title&quot;:&quot;SAMSUNG CAMERA PICTURES&quot;,&quot;orientation&quot;:&quot;1&quot;}\" data-image-title=\"Salle informatique\" data-image-description=\"\" data-image-caption=\"\" data-medium-file=\"https:\/\/i0.wp.com\/lasource.be\/wp-content\/uploads\/2018\/08\/SAM_9973.jpg?fit=300%2C225&amp;ssl=1\" data-large-file=\"https:\/\/i0.wp.com\/lasource.be\/wp-content\/uploads\/2018\/08\/SAM_9973.jpg?fit=825%2C619&amp;ssl=1\" decoding=\"async\" loading=\"lazy\" class=\"wp-image-769 size-medium\" src=\"https:\/\/i0.wp.com\/lasource.be\/wp-content\/uploads\/2018\/08\/SAM_9973-300x225.jpg?resize=300%2C225\" alt=\"\" width=\"300\" height=\"225\" srcset=\"https:\/\/i0.wp.com\/lasource.be\/wp-content\/uploads\/2018\/08\/SAM_9973.jpg?resize=300%2C225&amp;ssl=1 300w, https:\/\/i0.wp.com\/lasource.be\/wp-content\/uploads\/2018\/08\/SAM_9973.jpg?resize=768%2C576&amp;ssl=1 768w, https:\/\/i0.wp.com\/lasource.be\/wp-content\/uploads\/2018\/08\/SAM_9973.jpg?resize=1024%2C768&amp;ssl=1 1024w, https:\/\/i0.wp.com\/lasource.be\/wp-content\/uploads\/2018\/08\/SAM_9973.jpg?w=1650&amp;ssl=1 1650w, https:\/\/i0.wp.com\/lasource.be\/wp-content\/uploads\/2018\/08\/SAM_9973.jpg?w=2475&amp;ssl=1 2475w\" sizes=\"(max-width: 300px) 100vw, 300px\" data-recalc-dims=\"1\" \/><\/a><figcaption id=\"caption-attachment-769\" class=\"wp-caption-text\">12 ordinateurs \u00e0 votre disposition<\/figcaption><\/figure>\n","protected":false},"excerpt":{"rendered":"<p>Form\u00e9 \u00e0 la pointe du progr\u00e8s, mettez toutes les chances de votre c\u00f4t\u00e9 ! Afin de vous initier ou de vous perfectionner, nous vous proposons diverses formations adapt\u00e9es \u00e0 tous&hellip; <a href=\"https:\/\/lasource.be\/?page_id=42\" class=\"more-link\">Lire la suite <span class=\"screen-reader-text\">Formation de base en BUREAUTIQUE<\/span><\/a><\/p>\n","protected":false},"author":1,"featured_media":0,"parent":39,"menu_order":2,"comment_status":"closed","ping_status":"closed","template":"","meta":{"jetpack_post_was_ever_published":false},"tags":[],"jetpack_sharing_enabled":true,"jetpack_shortlink":"https:\/\/wp.me\/P8UIgU-G","jetpack-related-posts":[{"id":231,"url":"https:\/\/lasource.be\/?page_id=231","url_meta":{"origin":42,"position":0},"title":"Formation Bureau&rsquo;Tic","date":"18 juillet 2017","format":false,"excerpt":"- Formation pr\u00e9-qualifiante destin\u00e9e \u00e0 toute personne qui souhaite s'initier ou se perfectionner dans les logiciels de la suite bureautique\u00a0 Microsoft Office - Pour y participer : La formation est ouverte aux personnes de tous \u00e2ges, \u00e0 partir de 18 ans : au ch\u00f4mage au Revenu d'Int\u00e9gration Sociale inscrites en\u2026","rel":"","context":"Article similaire","img":{"alt_text":"","src":"https:\/\/i0.wp.com\/lasource.be\/wp-content\/uploads\/2022\/10\/Visuel-Seances-info-BUREAU-TIC-300x300.png?resize=350%2C200&ssl=1","width":350,"height":200},"classes":[]},{"id":1856,"url":"https:\/\/lasource.be\/?page_id=1856","url_meta":{"origin":42,"position":1},"title":"Formations en orientation professionnelle","date":"27 octobre 2022","format":false,"excerpt":"Vous vous sentez pr\u00eat \u00e0 bouger, \u00e0 d\u00e9couvrir de nouvelles orientations pour construire votre avenir personnel et professionnel ? Nous vous proposons des formations en orientation professionnelle adapt\u00e9es \u00e0 vos besoins ! Je Booste Mon Avenir 28h - Je Cr\u00e9e Mon Avenir 35h \u00a0 \u00a0 \"Bouger, aller \u00e0 la rencontre\u2026","rel":"","context":"Article similaire","img":{"alt_text":"","src":"","width":0,"height":0},"classes":[]},{"id":44,"url":"https:\/\/lasource.be\/?page_id=44","url_meta":{"origin":42,"position":2},"title":"Je Cr\u00e9e Mon Avenir 35h","date":"6 juillet 2017","format":false,"excerpt":"- Formation destin\u00e9e \u00e0 toute personne ayant besoin d'accompagnement afin de d\u00e9terminer son projet ou sa r\u00e9orientation professionnelle - Objectifs : Construire\/d\u00e9finir son projet professionnel et personnel \u00c9tablir un plan d\u2019actions Pour y participer : La formation est ouverte aux personnes de tous \u00e2ges, \u00e0 partir de 18 ans :\u2026","rel":"","context":"Article similaire","img":{"alt_text":"","src":"https:\/\/i0.wp.com\/lasource.be\/wp-content\/uploads\/2025\/08\/Pub-JCMA-sans-date-300x192.png?resize=350%2C200&ssl=1","width":350,"height":200},"classes":[]},{"id":1835,"url":"https:\/\/lasource.be\/?page_id=1835","url_meta":{"origin":42,"position":3},"title":"Je Booste Mon Avenir 28h","date":"26 octobre 2022","format":false,"excerpt":"- Formation destin\u00e9e \u00e0 toute personne ayant besoin d'un petit coup de boost afin de concr\u00e9tiser son projet professionnel - Objectifs : D\u00e9finir\/confirmer son projet professionnel et personnel \u00c9tablir un plan d\u2019actions Pour y participer : La formation est ouverte aux personnes de tous \u00e2ges, \u00e0 partir de 18 ans\u2026","rel":"","context":"Article similaire","img":{"alt_text":"","src":"https:\/\/i0.wp.com\/lasource.be\/wp-content\/uploads\/2024\/07\/Pub-JBMA-2024-generale-300x192.png?resize=350%2C200&ssl=1","width":350,"height":200},"classes":[]},{"id":39,"url":"https:\/\/lasource.be\/?page_id=39","url_meta":{"origin":42,"position":4},"title":"Nos Formations","date":"6 juillet 2017","format":false,"excerpt":"En tant que Centre d'Insertion SocioProfessionnelle (CISP), La Source assure la formation de stagiaires \u00e9loign\u00e9s de l'emploi. Nous d\u00e9veloppons une p\u00e9dagogie sp\u00e9cifique afin de permettre aux stagiaires (c'est comme cela que sont appel\u00e9s les participants \u00e0 nos formations) d'acqu\u00e9rir des comp\u00e9tences g\u00e9n\u00e9rales et techniques, tout en b\u00e9n\u00e9ficiant d'un accompagnement psychosocial.\u2026","rel":"","context":"Article similaire","img":{"alt_text":"","src":"","width":0,"height":0},"classes":[]},{"id":41,"url":"https:\/\/lasource.be\/?page_id=41","url_meta":{"origin":42,"position":5},"title":"Notre \u00e9quipe","date":"6 juillet 2017","format":false,"excerpt":"Notre \u00e9quipe sera ravie de vous accueillir\u2026 La direction : Sophie GOOSSE Le service social : Audrey BRICHET Sophie GOOSSE Elodie ISTASSE Vinciane GOFFAUX Le service comptabilit\u00e9 : Sylvie LAMOTTE Les formateurs : Informatique : Laurent BOURDON (Informatique\/Bureautique\/Animateur Espace Public Num\u00e9rique) Sophie HENON (Informatique\/Bureautique\/DIGISTART) Multim\u00e9dia : Nicola\u00ef BLOMSTRAND (Multim\u00e9dia\/Photographie) Remise\u2026","rel":"","context":"Article similaire","img":{"alt_text":"","src":"","width":0,"height":0},"classes":[]}],"_links":{"self":[{"href":"https:\/\/lasource.be\/index.php?rest_route=\/wp\/v2\/pages\/42"}],"collection":[{"href":"https:\/\/lasource.be\/index.php?rest_route=\/wp\/v2\/pages"}],"about":[{"href":"https:\/\/lasource.be\/index.php?rest_route=\/wp\/v2\/types\/page"}],"author":[{"embeddable":true,"href":"https:\/\/lasource.be\/index.php?rest_route=\/wp\/v2\/users\/1"}],"replies":[{"embeddable":true,"href":"https:\/\/lasource.be\/index.php?rest_route=%2Fwp%2Fv2%2Fcomments&post=42"}],"version-history":[{"count":25,"href":"https:\/\/lasource.be\/index.php?rest_route=\/wp\/v2\/pages\/42\/revisions"}],"predecessor-version":[{"id":2781,"href":"https:\/\/lasource.be\/index.php?rest_route=\/wp\/v2\/pages\/42\/revisions\/2781"}],"up":[{"embeddable":true,"href":"https:\/\/lasource.be\/index.php?rest_route=\/wp\/v2\/pages\/39"}],"wp:attachment":[{"href":"https:\/\/lasource.be\/index.php?rest_route=%2Fwp%2Fv2%2Fmedia&parent=42"}],"wp:term":[{"taxonomy":"post_tag","embeddable":true,"href":"https:\/\/lasource.be\/index.php?rest_route=%2Fwp%2Fv2%2Ftags&post=42"}],"curies":[{"name":"wp","href":"https:\/\/api.w.org\/{rel}","templated":true}]}}