{"id":44,"date":"2017-07-06T16:00:32","date_gmt":"2017-07-06T14:00:32","guid":{"rendered":"http:\/\/lasource.be\/?page_id=44"},"modified":"2026-02-09T16:00:35","modified_gmt":"2026-02-09T15:00:35","slug":"je-cree-mon-avenir-35h","status":"publish","type":"page","link":"https:\/\/lasource.be\/?page_id=44","title":{"rendered":"Je Cr\u00e9e Mon Avenir 35h"},"content":{"rendered":"<p style=\"text-align: center;\"><a href=\"https:\/\/i0.wp.com\/lasource.be\/wp-content\/uploads\/2025\/08\/Pub-JCMA-sans-date.png?ssl=1\" target=\"_blank\" rel=\"noopener\"><img data-attachment-id=\"2785\" data-permalink=\"https:\/\/lasource.be\/?attachment_id=2785\" data-orig-file=\"https:\/\/i0.wp.com\/lasource.be\/wp-content\/uploads\/2025\/08\/Pub-JCMA-sans-date.png?fit=2504%2C1606&amp;ssl=1\" data-orig-size=\"2504,1606\" data-comments-opened=\"1\" data-image-meta=\"{&quot;aperture&quot;:&quot;0&quot;,&quot;credit&quot;:&quot;&quot;,&quot;camera&quot;:&quot;&quot;,&quot;caption&quot;:&quot;&quot;,&quot;created_timestamp&quot;:&quot;0&quot;,&quot;copyright&quot;:&quot;&quot;,&quot;focal_length&quot;:&quot;0&quot;,&quot;iso&quot;:&quot;0&quot;,&quot;shutter_speed&quot;:&quot;0&quot;,&quot;title&quot;:&quot;&quot;,&quot;orientation&quot;:&quot;0&quot;}\" data-image-title=\"Pub JCMA sans date\" data-image-description=\"\" data-image-caption=\"\" data-medium-file=\"https:\/\/i0.wp.com\/lasource.be\/wp-content\/uploads\/2025\/08\/Pub-JCMA-sans-date.png?fit=300%2C192&amp;ssl=1\" data-large-file=\"https:\/\/i0.wp.com\/lasource.be\/wp-content\/uploads\/2025\/08\/Pub-JCMA-sans-date.png?fit=825%2C529&amp;ssl=1\" decoding=\"async\" loading=\"lazy\" class=\"aligncenter wp-image-2785\" src=\"https:\/\/i0.wp.com\/lasource.be\/wp-content\/uploads\/2025\/08\/Pub-JCMA-sans-date.png?resize=600%2C385&#038;ssl=1\" alt=\"\" width=\"600\" height=\"385\" srcset=\"https:\/\/i0.wp.com\/lasource.be\/wp-content\/uploads\/2025\/08\/Pub-JCMA-sans-date.png?resize=300%2C192&amp;ssl=1 300w, https:\/\/i0.wp.com\/lasource.be\/wp-content\/uploads\/2025\/08\/Pub-JCMA-sans-date.png?resize=1024%2C657&amp;ssl=1 1024w, https:\/\/i0.wp.com\/lasource.be\/wp-content\/uploads\/2025\/08\/Pub-JCMA-sans-date.png?resize=768%2C493&amp;ssl=1 768w, https:\/\/i0.wp.com\/lasource.be\/wp-content\/uploads\/2025\/08\/Pub-JCMA-sans-date.png?resize=1536%2C985&amp;ssl=1 1536w, https:\/\/i0.wp.com\/lasource.be\/wp-content\/uploads\/2025\/08\/Pub-JCMA-sans-date.png?resize=2048%2C1314&amp;ssl=1 2048w, https:\/\/i0.wp.com\/lasource.be\/wp-content\/uploads\/2025\/08\/Pub-JCMA-sans-date.png?w=1650&amp;ssl=1 1650w, https:\/\/i0.wp.com\/lasource.be\/wp-content\/uploads\/2025\/08\/Pub-JCMA-sans-date.png?w=2475&amp;ssl=1 2475w\" sizes=\"(max-width: 600px) 100vw, 600px\" data-recalc-dims=\"1\" \/><\/a>&#8211; Formation destin\u00e9e \u00e0 toute personne ayant besoin d&rsquo;accompagnement afin de d\u00e9terminer son projet ou sa r\u00e9orientation professionnelle &#8211;<em><br \/>\n<\/em><\/p>\n<h3><span style=\"color: #9d2062;\">Objectifs :<\/span><\/h3>\n<ul>\n<li>Construire\/d\u00e9finir son projet professionnel et personnel<\/li>\n<li>\u00c9tablir un plan d\u2019actions<\/li>\n<\/ul>\n<h3><span style=\"color: #9d2062;\">Pour y participer :<\/span><\/h3>\n<p>La formation est ouverte aux personnes de tous \u00e2ges, \u00e0 partir de 18 ans :<\/p>\n<ul>\n<li>au ch\u00f4mage<\/li>\n<li>au Revenu d&rsquo;Int\u00e9gration Sociale<\/li>\n<li>inscrites en tant que chercheurs d&#8217;emploi<\/li>\n<\/ul>\n<h3><span style=\"color: #9d2062;\">Dur\u00e9e de la formation :<\/span><\/h3>\n<ul>\n<li>6 mois (\u00e0 raison de 35 hrs\/semaine)<\/li>\n<li>du lundi au vendredi de 8h30 \u00e0 12h00 et de 13h00 \u00e0 16h30<\/li>\n<li>cong\u00e9 pendant les vacances scolaires<\/li>\n<\/ul>\n<h3><span style=\"color: #9d2062;\">Contrat et avantages Forem :<\/span><\/h3>\n<ul>\n<li>2\u20ac brut\/heure<\/li>\n<li>Intervention dans les frais de d\u00e9placements et de cr\u00e8che\/garderie<\/li>\n<\/ul>\n<h3><span style=\"color: #9d2062;\">Au programme :<\/span><\/h3>\n<p><img data-attachment-id=\"1604\" data-permalink=\"https:\/\/lasource.be\/?attachment_id=1604\" data-orig-file=\"https:\/\/i0.wp.com\/lasource.be\/wp-content\/uploads\/2021\/08\/nouveau.png?fit=360%2C191&amp;ssl=1\" data-orig-size=\"360,191\" data-comments-opened=\"1\" data-image-meta=\"{&quot;aperture&quot;:&quot;0&quot;,&quot;credit&quot;:&quot;&quot;,&quot;camera&quot;:&quot;&quot;,&quot;caption&quot;:&quot;&quot;,&quot;created_timestamp&quot;:&quot;0&quot;,&quot;copyright&quot;:&quot;&quot;,&quot;focal_length&quot;:&quot;0&quot;,&quot;iso&quot;:&quot;0&quot;,&quot;shutter_speed&quot;:&quot;0&quot;,&quot;title&quot;:&quot;&quot;,&quot;orientation&quot;:&quot;0&quot;}\" data-image-title=\"nouveau\" data-image-description=\"\" data-image-caption=\"\" data-medium-file=\"https:\/\/i0.wp.com\/lasource.be\/wp-content\/uploads\/2021\/08\/nouveau.png?fit=300%2C159&amp;ssl=1\" data-large-file=\"https:\/\/i0.wp.com\/lasource.be\/wp-content\/uploads\/2021\/08\/nouveau.png?fit=360%2C191&amp;ssl=1\" decoding=\"async\" loading=\"lazy\" class=\"alignleft wp-image-1604\" src=\"https:\/\/i0.wp.com\/lasource.be\/wp-content\/uploads\/2021\/08\/nouveau.png?resize=100%2C53&#038;ssl=1\" alt=\"\" width=\"100\" height=\"53\" srcset=\"https:\/\/i0.wp.com\/lasource.be\/wp-content\/uploads\/2021\/08\/nouveau.png?resize=300%2C159&amp;ssl=1 300w, https:\/\/i0.wp.com\/lasource.be\/wp-content\/uploads\/2021\/08\/nouveau.png?w=360&amp;ssl=1 360w\" sizes=\"(max-width: 100px) 100vw, 100px\" data-recalc-dims=\"1\" \/><span style=\"color: #9d2062;\"><strong>Cours de mobilit\u00e9 <\/strong>et de<strong> permis de conduire th\u00e9orique <\/strong>+<strong> passage de l&rsquo;examen<br \/>\n<\/strong><strong>Remise \u00e0 niveau en<\/strong> <\/span><strong><span style=\"color: #9d2062;\">fran\u00e7ais<\/span><\/strong><\/p>\n<p>&nbsp;<\/p>\n<ul>\n<li>Construction du projet professionnel (le monde de travail, tests d&rsquo;orientation, outils pour l&#8217;emploi, bilan des comp\u00e9tences, &#8230;)<\/li>\n<li>Simulation d\u2019entretien d\u2019embauche \/ infos sur les aides \u00e0 l\u2019embauche \/ \u00e9laboration d\u2019un CV et lettre de motivation<\/li>\n<li>Accompagnement individuel<\/li>\n<li>D\u00e9couverte des professions<\/li>\n<li>Initiation \u00e0 la bureautique<\/li>\n<li>Ateliers d&rsquo;expression et communication<\/li>\n<li>Ateliers artistiques<\/li>\n<li>Ateliers citoyennet\u00e9<\/li>\n<li>Multim\u00e9dia<\/li>\n<li>N\u00e9erlandais<\/li>\n<li>Mise en situation professionnelle : 6 semaines de stages en entreprise<\/li>\n<li>&#8230;<\/li>\n<\/ul>\n<h3><span style=\"color: #36b7c1;\"><span style=\"color: #9d2062;\">Contact :<\/span><br \/>\n<\/span><\/h3>\n<p><span style=\"color: #333333;\">Sophie Goosse\/Audrey Brichet\/Elodie Istasse : 061\/46 86 88<\/span><\/p>\n<p>Menuchenet, 8<br \/>\n6834 BELLEVAUX<br \/>\nEmail : lasource@lasource.be<\/p>\n<p>&nbsp;<\/p>\n<p>&nbsp;<\/p>\n<hr \/>\n<p>&nbsp;<\/p>\n","protected":false},"excerpt":{"rendered":"<p>&#8211; Formation destin\u00e9e \u00e0 toute personne ayant besoin d&rsquo;accompagnement afin de d\u00e9terminer son projet ou sa r\u00e9orientation professionnelle &#8211; Objectifs : Construire\/d\u00e9finir son projet professionnel et personnel \u00c9tablir un plan&hellip; <a href=\"https:\/\/lasource.be\/?page_id=44\" class=\"more-link\">Lire la suite <span class=\"screen-reader-text\">Je Cr\u00e9e Mon Avenir 35h<\/span><\/a><\/p>\n","protected":false},"author":1,"featured_media":0,"parent":1856,"menu_order":3,"comment_status":"closed","ping_status":"closed","template":"","meta":{"jetpack_post_was_ever_published":false},"tags":[],"jetpack_sharing_enabled":true,"jetpack_shortlink":"https:\/\/wp.me\/P8UIgU-I","jetpack-related-posts":[{"id":1835,"url":"https:\/\/lasource.be\/?page_id=1835","url_meta":{"origin":44,"position":0},"title":"Je Booste Mon Avenir 28h","date":"26 octobre 2022","format":false,"excerpt":"- Formation destin\u00e9e \u00e0 toute personne ayant besoin d'un petit coup de boost afin de concr\u00e9tiser son projet professionnel - Objectifs : D\u00e9finir\/confirmer son projet professionnel et personnel \u00c9tablir un plan d\u2019actions Pour y participer : La formation est ouverte aux personnes de tous \u00e2ges, \u00e0 partir de 18 ans\u2026","rel":"","context":"Article similaire","img":{"alt_text":"","src":"https:\/\/i0.wp.com\/lasource.be\/wp-content\/uploads\/2024\/07\/Pub-JBMA-2024-generale-300x192.png?resize=350%2C200&ssl=1","width":350,"height":200},"classes":[]},{"id":39,"url":"https:\/\/lasource.be\/?page_id=39","url_meta":{"origin":44,"position":1},"title":"Nos Formations","date":"6 juillet 2017","format":false,"excerpt":"En tant que Centre d'Insertion SocioProfessionnelle (CISP), La Source assure la formation de stagiaires \u00e9loign\u00e9s de l'emploi. Nous d\u00e9veloppons une p\u00e9dagogie sp\u00e9cifique afin de permettre aux stagiaires (c'est comme cela que sont appel\u00e9s les participants \u00e0 nos formations) d'acqu\u00e9rir des comp\u00e9tences g\u00e9n\u00e9rales et techniques, tout en b\u00e9n\u00e9ficiant d'un accompagnement psychosocial.\u2026","rel":"","context":"Article similaire","img":{"alt_text":"","src":"","width":0,"height":0},"classes":[]},{"id":45,"url":"https:\/\/lasource.be\/?page_id=45","url_meta":{"origin":44,"position":2},"title":"Centre de Formation CISP","date":"6 juillet 2017","format":false,"excerpt":"Les Centres d\u2019insertion socioprofessionnelle (CISP) assurent la formation de stagiaires \u00e9loign\u00e9s de l\u2019emploi. Ils recourent \u00e0 une p\u00e9dagogie sp\u00e9cifique pour permettre aux stagiaires d\u2019acqu\u00e9rir des comp\u00e9tences g\u00e9n\u00e9rales et techniques, tout en b\u00e9n\u00e9ficiant d\u2019un accompagnement psychosocial. Les CISP remplacent les Organismes d\u2019insertion socioprofessionnelle (OISP) et les Entreprises de Formation par le\u2026","rel":"","context":"Article similaire","img":{"alt_text":"","src":"","width":0,"height":0},"classes":[]},{"id":231,"url":"https:\/\/lasource.be\/?page_id=231","url_meta":{"origin":44,"position":3},"title":"Formation Bureau&rsquo;Tic","date":"18 juillet 2017","format":false,"excerpt":"- Formation pr\u00e9-qualifiante destin\u00e9e \u00e0 toute personne qui souhaite s'initier ou se perfectionner dans les logiciels de la suite bureautique\u00a0 Microsoft Office - Pour y participer : La formation est ouverte aux personnes de tous \u00e2ges, \u00e0 partir de 18 ans : au ch\u00f4mage au Revenu d'Int\u00e9gration Sociale inscrites en\u2026","rel":"","context":"Article similaire","img":{"alt_text":"","src":"https:\/\/i0.wp.com\/lasource.be\/wp-content\/uploads\/2022\/10\/Visuel-Seances-info-BUREAU-TIC-300x300.png?resize=350%2C200&ssl=1","width":350,"height":200},"classes":[]},{"id":147,"url":"https:\/\/lasource.be\/?page_id=147","url_meta":{"origin":44,"position":4},"title":"Qui sommes-nous ?","date":"11 juillet 2017","format":false,"excerpt":"La Source, une belle aventure humaine... C\u2019est en 1983 que commence cette belle aventure humaine. A l\u2019initiative du centre de Guidance et du CPAS de Bouillon, divers services \u00e0 la population sont mis en place : Une Maison des Enfants Un Service D\u00e9pannage Un Atelier de Couture Un Salon-Lavoir Un\u2026","rel":"","context":"Article similaire","img":{"alt_text":"","src":"","width":0,"height":0},"classes":[]},{"id":1856,"url":"https:\/\/lasource.be\/?page_id=1856","url_meta":{"origin":44,"position":5},"title":"Formations en orientation professionnelle","date":"27 octobre 2022","format":false,"excerpt":"Vous vous sentez pr\u00eat \u00e0 bouger, \u00e0 d\u00e9couvrir de nouvelles orientations pour construire votre avenir personnel et professionnel ? Nous vous proposons des formations en orientation professionnelle adapt\u00e9es \u00e0 vos besoins ! Je Booste Mon Avenir 28h - Je Cr\u00e9e Mon Avenir 35h \u00a0 \u00a0 \"Bouger, aller \u00e0 la rencontre\u2026","rel":"","context":"Article similaire","img":{"alt_text":"","src":"","width":0,"height":0},"classes":[]}],"_links":{"self":[{"href":"https:\/\/lasource.be\/index.php?rest_route=\/wp\/v2\/pages\/44"}],"collection":[{"href":"https:\/\/lasource.be\/index.php?rest_route=\/wp\/v2\/pages"}],"about":[{"href":"https:\/\/lasource.be\/index.php?rest_route=\/wp\/v2\/types\/page"}],"author":[{"embeddable":true,"href":"https:\/\/lasource.be\/index.php?rest_route=\/wp\/v2\/users\/1"}],"replies":[{"embeddable":true,"href":"https:\/\/lasource.be\/index.php?rest_route=%2Fwp%2Fv2%2Fcomments&post=44"}],"version-history":[{"count":28,"href":"https:\/\/lasource.be\/index.php?rest_route=\/wp\/v2\/pages\/44\/revisions"}],"predecessor-version":[{"id":2882,"href":"https:\/\/lasource.be\/index.php?rest_route=\/wp\/v2\/pages\/44\/revisions\/2882"}],"up":[{"embeddable":true,"href":"https:\/\/lasource.be\/index.php?rest_route=\/wp\/v2\/pages\/1856"}],"wp:attachment":[{"href":"https:\/\/lasource.be\/index.php?rest_route=%2Fwp%2Fv2%2Fmedia&parent=44"}],"wp:term":[{"taxonomy":"post_tag","embeddable":true,"href":"https:\/\/lasource.be\/index.php?rest_route=%2Fwp%2Fv2%2Ftags&post=44"}],"curies":[{"name":"wp","href":"https:\/\/api.w.org\/{rel}","templated":true}]}}