{"id":45,"date":"2017-07-06T16:00:32","date_gmt":"2017-07-06T14:00:32","guid":{"rendered":"http:\/\/lasource.be\/?page_id=45"},"modified":"2022-08-02T12:05:23","modified_gmt":"2022-08-02T10:05:23","slug":"centre-de-formation-cisp","status":"publish","type":"page","link":"https:\/\/lasource.be\/?page_id=45","title":{"rendered":"Centre de Formation CISP"},"content":{"rendered":"<p><img data-attachment-id=\"159\" data-permalink=\"https:\/\/lasource.be\/?attachment_id=159\" data-orig-file=\"https:\/\/i0.wp.com\/lasource.be\/wp-content\/uploads\/2017\/07\/Logo-CISP-Une-cascade-de-ressources-Finish-3.png?fit=593%2C518&amp;ssl=1\" data-orig-size=\"593,518\" data-comments-opened=\"1\" data-image-meta=\"{&quot;aperture&quot;:&quot;0&quot;,&quot;credit&quot;:&quot;&quot;,&quot;camera&quot;:&quot;&quot;,&quot;caption&quot;:&quot;&quot;,&quot;created_timestamp&quot;:&quot;0&quot;,&quot;copyright&quot;:&quot;&quot;,&quot;focal_length&quot;:&quot;0&quot;,&quot;iso&quot;:&quot;0&quot;,&quot;shutter_speed&quot;:&quot;0&quot;,&quot;title&quot;:&quot;&quot;,&quot;orientation&quot;:&quot;0&quot;}\" data-image-title=\"Logo CISP Une cascade de ressources Finish\" data-image-description=\"\" data-image-caption=\"\" data-medium-file=\"https:\/\/i0.wp.com\/lasource.be\/wp-content\/uploads\/2017\/07\/Logo-CISP-Une-cascade-de-ressources-Finish-3.png?fit=300%2C262&amp;ssl=1\" data-large-file=\"https:\/\/i0.wp.com\/lasource.be\/wp-content\/uploads\/2017\/07\/Logo-CISP-Une-cascade-de-ressources-Finish-3.png?fit=593%2C518&amp;ssl=1\" decoding=\"async\" loading=\"lazy\" class=\"aligncenter wp-image-159\" src=\"https:\/\/i0.wp.com\/lasource.be\/wp-content\/uploads\/2017\/07\/Logo-CISP-Une-cascade-de-ressources-Finish-3-300x262.png?resize=140%2C122\" alt=\"\" width=\"140\" height=\"122\" srcset=\"https:\/\/i0.wp.com\/lasource.be\/wp-content\/uploads\/2017\/07\/Logo-CISP-Une-cascade-de-ressources-Finish-3.png?resize=300%2C262&amp;ssl=1 300w, https:\/\/i0.wp.com\/lasource.be\/wp-content\/uploads\/2017\/07\/Logo-CISP-Une-cascade-de-ressources-Finish-3.png?w=593&amp;ssl=1 593w\" sizes=\"(max-width: 140px) 100vw, 140px\" data-recalc-dims=\"1\" \/><\/p>\n<p>Les Centres d\u2019insertion socioprofessionnelle (CISP) assurent la formation de stagiaires \u00e9loign\u00e9s de l\u2019emploi.<\/p>\n<p>Ils recourent \u00e0 une p\u00e9dagogie sp\u00e9cifique pour permettre aux stagiaires d\u2019acqu\u00e9rir des comp\u00e9tences g\u00e9n\u00e9rales et techniques, tout en b\u00e9n\u00e9ficiant d\u2019un accompagnement psychosocial.<\/p>\n<p>Les CISP remplacent les Organismes d\u2019insertion socioprofessionnelle (OISP) et les Entreprises de Formation par le Travail (EFT).<\/p>\n<p>Les fili\u00e8res de formation organis\u00e9es par \u00ab La Source \u00bb et les objectifs de celles-ci sont :<\/p>\n<ul>\n<li><span style=\"color: #36b7c1;\"><strong>Fili\u00e8re<\/strong> <strong>\u00ab Je cr\u00e9e mon avenir \u00bb<\/strong> &#8211; <em>orientation professionnelle<\/em><\/span><br \/>\nLes actions p\u00e9dagogiques structur\u00e9es permettant au stagiaire d\u2019envisager diff\u00e9rentes alternatives qui favorisent son insertion socioprofessionnelle ou de concevoir ou confirmer son projet professionnel et personnel<\/li>\n<li><span style=\"color: #36b7c1;\"><strong>Fili\u00e8re \u00ab Bureau\u2019TIC \u00bb<\/strong> &#8211;<em> formation de base<\/em><\/span><br \/>\nLa formation g\u00e9n\u00e9rale ou technique visant l\u2019acquisition de connaissances \u00e9l\u00e9mentaires, de comp\u00e9tences g\u00e9n\u00e9rales et techniques et de comportements utiles \u00e0 l\u2019insertion socioprofessionnelle et qui ne sont pas n\u00e9cessairement li\u00e9es \u00e0 un m\u00e9tier d\u00e9termin\u00e9<\/li>\n<\/ul>\n<p style=\"text-align: center;\"><a href=\"http:\/\/emploi.wallonie.be\/home\/formation\/cisp.html\" target=\"_blank\" rel=\"noopener\"><img data-attachment-id=\"402\" data-permalink=\"https:\/\/lasource.be\/?attachment_id=402\" data-orig-file=\"https:\/\/i0.wp.com\/lasource.be\/wp-content\/uploads\/2017\/07\/logo-cisp-avec-acronyme.png?fit=530%2C600&amp;ssl=1\" data-orig-size=\"530,600\" data-comments-opened=\"1\" data-image-meta=\"{&quot;aperture&quot;:&quot;0&quot;,&quot;credit&quot;:&quot;&quot;,&quot;camera&quot;:&quot;&quot;,&quot;caption&quot;:&quot;&quot;,&quot;created_timestamp&quot;:&quot;0&quot;,&quot;copyright&quot;:&quot;&quot;,&quot;focal_length&quot;:&quot;0&quot;,&quot;iso&quot;:&quot;0&quot;,&quot;shutter_speed&quot;:&quot;0&quot;,&quot;title&quot;:&quot;&quot;,&quot;orientation&quot;:&quot;0&quot;}\" data-image-title=\"logo CISP\" data-image-description=\"\" data-image-caption=\"\" data-medium-file=\"https:\/\/i0.wp.com\/lasource.be\/wp-content\/uploads\/2017\/07\/logo-cisp-avec-acronyme.png?fit=265%2C300&amp;ssl=1\" data-large-file=\"https:\/\/i0.wp.com\/lasource.be\/wp-content\/uploads\/2017\/07\/logo-cisp-avec-acronyme.png?fit=530%2C600&amp;ssl=1\" decoding=\"async\" loading=\"lazy\" class=\"alignnone wp-image-402\" src=\"https:\/\/i0.wp.com\/lasource.be\/wp-content\/uploads\/2017\/07\/logo-cisp-avec-acronyme-265x300.png?resize=120%2C136\" alt=\"\" width=\"120\" height=\"136\" srcset=\"https:\/\/i0.wp.com\/lasource.be\/wp-content\/uploads\/2017\/07\/logo-cisp-avec-acronyme.png?resize=265%2C300&amp;ssl=1 265w, https:\/\/i0.wp.com\/lasource.be\/wp-content\/uploads\/2017\/07\/logo-cisp-avec-acronyme.png?w=530&amp;ssl=1 530w\" sizes=\"(max-width: 120px) 100vw, 120px\" data-recalc-dims=\"1\" \/><\/a><\/p>\n","protected":false},"excerpt":{"rendered":"<p>Les Centres d\u2019insertion socioprofessionnelle (CISP) assurent la formation de stagiaires \u00e9loign\u00e9s de l\u2019emploi. Ils recourent \u00e0 une p\u00e9dagogie sp\u00e9cifique pour permettre aux stagiaires d\u2019acqu\u00e9rir des comp\u00e9tences g\u00e9n\u00e9rales et techniques, tout&hellip; <a href=\"https:\/\/lasource.be\/?page_id=45\" class=\"more-link\">Lire la suite <span class=\"screen-reader-text\">Centre de Formation CISP<\/span><\/a><\/p>\n","protected":false},"author":1,"featured_media":0,"parent":40,"menu_order":1,"comment_status":"closed","ping_status":"closed","template":"","meta":{"jetpack_post_was_ever_published":false},"tags":[],"jetpack_sharing_enabled":true,"jetpack_shortlink":"https:\/\/wp.me\/P8UIgU-J","jetpack-related-posts":[{"id":39,"url":"https:\/\/lasource.be\/?page_id=39","url_meta":{"origin":45,"position":0},"title":"Nos Formations","date":"6 juillet 2017","format":false,"excerpt":"En tant que Centre d'Insertion SocioProfessionnelle (CISP), La Source assure la formation de stagiaires \u00e9loign\u00e9s de l'emploi. Nous d\u00e9veloppons une p\u00e9dagogie sp\u00e9cifique afin de permettre aux stagiaires (c'est comme cela que sont appel\u00e9s les participants \u00e0 nos formations) d'acqu\u00e9rir des comp\u00e9tences g\u00e9n\u00e9rales et techniques, tout en b\u00e9n\u00e9ficiant d'un accompagnement psychosocial.\u2026","rel":"","context":"Article similaire","img":{"alt_text":"","src":"","width":0,"height":0},"classes":[]},{"id":147,"url":"https:\/\/lasource.be\/?page_id=147","url_meta":{"origin":45,"position":1},"title":"Qui sommes-nous ?","date":"11 juillet 2017","format":false,"excerpt":"La Source, une belle aventure humaine... C\u2019est en 1983 que commence cette belle aventure humaine. A l\u2019initiative du centre de Guidance et du CPAS de Bouillon, divers services \u00e0 la population sont mis en place : Une Maison des Enfants Un Service D\u00e9pannage Un Atelier de Couture Un Salon-Lavoir Un\u2026","rel":"","context":"Article similaire","img":{"alt_text":"","src":"","width":0,"height":0},"classes":[]},{"id":42,"url":"https:\/\/lasource.be\/?page_id=42","url_meta":{"origin":45,"position":2},"title":"Formation de base en BUREAUTIQUE","date":"6 juillet 2017","format":false,"excerpt":"Form\u00e9 \u00e0 la pointe du progr\u00e8s, mettez toutes les chances de votre c\u00f4t\u00e9 ! Afin de vous initier ou de vous perfectionner, nous vous proposons diverses formations adapt\u00e9es \u00e0 tous les niveaux \u00a0 Nous proposons des formations informatiques adapt\u00e9es \u00e0 tous les niveaux, destin\u00e9es aux chercheurs d'emploi : La formation\u2026","rel":"","context":"Article similaire","img":{"alt_text":"","src":"https:\/\/i0.wp.com\/lasource.be\/wp-content\/uploads\/2018\/08\/SAM_9977-300x225.jpg?resize=350%2C200","width":350,"height":200},"classes":[]},{"id":46,"url":"https:\/\/lasource.be\/?page_id=46","url_meta":{"origin":45,"position":3},"title":"Service d&rsquo;Insertion Sociale","date":"6 juillet 2017","format":false,"excerpt":"Vous vous posez des questions sur votre avenir ? Vous souhaitez briser votre isolement et reprendre go\u00fbt \u00e0 la vie sociale ? Vous cherchez un lieu d'accueil chaleureux o\u00f9 l'on vous \u00e9coute, o\u00f9 l'on partage, o\u00f9 vous avez la parole ? Venez nous rejoindre ! Le public cible : Le\u2026","rel":"","context":"Article similaire","img":{"alt_text":"","src":"https:\/\/i0.wp.com\/lasource.be\/wp-content\/uploads\/2024\/09\/pub-bulletin-communal-2024-FINISH-300x211.png?resize=350%2C200&ssl=1","width":350,"height":200},"classes":[]},{"id":2478,"url":"https:\/\/lasource.be\/?page_id=2478","url_meta":{"origin":45,"position":4},"title":"Formation DIGISTART","date":"13 f\u00e9vrier 2024","format":false,"excerpt":"- Formation aux comp\u00e9tences num\u00e9riques de base favorisant l'insertion socioprofessionnelle - Pour y participer : La formation est ouverte aux personnes de tous \u00e2ges, \u00e0 partir de 18 ans : au ch\u00f4mage au Revenu d'Int\u00e9gration Sociale inscrites en tant que chercheurs d'emploi Objectifs : Acqu\u00e9rir les comp\u00e9tences num\u00e9riques de base\u2026","rel":"","context":"Article similaire","img":{"alt_text":"","src":"https:\/\/i0.wp.com\/lasource.be\/wp-content\/uploads\/2025\/05\/Digistart-2025-scaled.jpg?resize=350%2C200","width":350,"height":200},"classes":[]},{"id":231,"url":"https:\/\/lasource.be\/?page_id=231","url_meta":{"origin":45,"position":5},"title":"Formation Bureau&rsquo;Tic","date":"18 juillet 2017","format":false,"excerpt":"- Formation pr\u00e9-qualifiante destin\u00e9e \u00e0 toute personne qui souhaite s'initier ou se perfectionner dans les logiciels de la suite bureautique\u00a0 Microsoft Office - Pour y participer : La formation est ouverte aux personnes de tous \u00e2ges, \u00e0 partir de 18 ans : au ch\u00f4mage au Revenu d'Int\u00e9gration Sociale inscrites en\u2026","rel":"","context":"Article similaire","img":{"alt_text":"","src":"https:\/\/i0.wp.com\/lasource.be\/wp-content\/uploads\/2022\/10\/Visuel-Seances-info-BUREAU-TIC-300x300.png?resize=350%2C200&ssl=1","width":350,"height":200},"classes":[]}],"_links":{"self":[{"href":"https:\/\/lasource.be\/index.php?rest_route=\/wp\/v2\/pages\/45"}],"collection":[{"href":"https:\/\/lasource.be\/index.php?rest_route=\/wp\/v2\/pages"}],"about":[{"href":"https:\/\/lasource.be\/index.php?rest_route=\/wp\/v2\/types\/page"}],"author":[{"embeddable":true,"href":"https:\/\/lasource.be\/index.php?rest_route=\/wp\/v2\/users\/1"}],"replies":[{"embeddable":true,"href":"https:\/\/lasource.be\/index.php?rest_route=%2Fwp%2Fv2%2Fcomments&post=45"}],"version-history":[{"count":9,"href":"https:\/\/lasource.be\/index.php?rest_route=\/wp\/v2\/pages\/45\/revisions"}],"predecessor-version":[{"id":1792,"href":"https:\/\/lasource.be\/index.php?rest_route=\/wp\/v2\/pages\/45\/revisions\/1792"}],"up":[{"embeddable":true,"href":"https:\/\/lasource.be\/index.php?rest_route=\/wp\/v2\/pages\/40"}],"wp:attachment":[{"href":"https:\/\/lasource.be\/index.php?rest_route=%2Fwp%2Fv2%2Fmedia&parent=45"}],"wp:term":[{"taxonomy":"post_tag","embeddable":true,"href":"https:\/\/lasource.be\/index.php?rest_route=%2Fwp%2Fv2%2Ftags&post=45"}],"curies":[{"name":"wp","href":"https:\/\/api.w.org\/{rel}","templated":true}]}}