{"id":46,"date":"2017-07-06T16:00:32","date_gmt":"2017-07-06T14:00:32","guid":{"rendered":"http:\/\/lasource.be\/?page_id=46"},"modified":"2026-02-09T16:43:16","modified_gmt":"2026-02-09T15:43:16","slug":"service-dinsertion-sociale","status":"publish","type":"page","link":"https:\/\/lasource.be\/?page_id=46","title":{"rendered":"Service d&rsquo;Insertion Sociale"},"content":{"rendered":"<p style=\"text-align: center;\"><a href=\"https:\/\/i0.wp.com\/lasource.be\/wp-content\/uploads\/2024\/09\/pub-bulletin-communal-2024-FINISH.png?ssl=1\" target=\"_blank\" rel=\"noopener\"><img data-attachment-id=\"2593\" data-permalink=\"https:\/\/lasource.be\/?attachment_id=2593\" data-orig-file=\"https:\/\/i0.wp.com\/lasource.be\/wp-content\/uploads\/2024\/09\/pub-bulletin-communal-2024-FINISH.png?fit=4961%2C3496&amp;ssl=1\" data-orig-size=\"4961,3496\" data-comments-opened=\"1\" data-image-meta=\"{&quot;aperture&quot;:&quot;0&quot;,&quot;credit&quot;:&quot;&quot;,&quot;camera&quot;:&quot;&quot;,&quot;caption&quot;:&quot;&quot;,&quot;created_timestamp&quot;:&quot;0&quot;,&quot;copyright&quot;:&quot;&quot;,&quot;focal_length&quot;:&quot;0&quot;,&quot;iso&quot;:&quot;0&quot;,&quot;shutter_speed&quot;:&quot;0&quot;,&quot;title&quot;:&quot;&quot;,&quot;orientation&quot;:&quot;0&quot;}\" data-image-title=\"pub-bulletin-communal-2024-FINISH\" data-image-description=\"\" data-image-caption=\"\" data-medium-file=\"https:\/\/i0.wp.com\/lasource.be\/wp-content\/uploads\/2024\/09\/pub-bulletin-communal-2024-FINISH.png?fit=300%2C211&amp;ssl=1\" data-large-file=\"https:\/\/i0.wp.com\/lasource.be\/wp-content\/uploads\/2024\/09\/pub-bulletin-communal-2024-FINISH.png?fit=825%2C582&amp;ssl=1\" decoding=\"async\" loading=\"lazy\" class=\"aligncenter wp-image-2593\" src=\"https:\/\/i0.wp.com\/lasource.be\/wp-content\/uploads\/2024\/09\/pub-bulletin-communal-2024-FINISH.png?resize=600%2C423&#038;ssl=1\" alt=\"\" width=\"600\" height=\"423\" srcset=\"https:\/\/i0.wp.com\/lasource.be\/wp-content\/uploads\/2024\/09\/pub-bulletin-communal-2024-FINISH.png?resize=300%2C211&amp;ssl=1 300w, https:\/\/i0.wp.com\/lasource.be\/wp-content\/uploads\/2024\/09\/pub-bulletin-communal-2024-FINISH.png?resize=1024%2C722&amp;ssl=1 1024w, https:\/\/i0.wp.com\/lasource.be\/wp-content\/uploads\/2024\/09\/pub-bulletin-communal-2024-FINISH.png?resize=768%2C541&amp;ssl=1 768w, https:\/\/i0.wp.com\/lasource.be\/wp-content\/uploads\/2024\/09\/pub-bulletin-communal-2024-FINISH.png?resize=1536%2C1082&amp;ssl=1 1536w, https:\/\/i0.wp.com\/lasource.be\/wp-content\/uploads\/2024\/09\/pub-bulletin-communal-2024-FINISH.png?resize=2048%2C1443&amp;ssl=1 2048w, https:\/\/i0.wp.com\/lasource.be\/wp-content\/uploads\/2024\/09\/pub-bulletin-communal-2024-FINISH.png?w=1650&amp;ssl=1 1650w, https:\/\/i0.wp.com\/lasource.be\/wp-content\/uploads\/2024\/09\/pub-bulletin-communal-2024-FINISH.png?w=2475&amp;ssl=1 2475w\" sizes=\"(max-width: 600px) 100vw, 600px\" data-recalc-dims=\"1\" \/><\/a><\/p>\n<p>Vous vous posez des questions sur votre avenir ?<br \/>\nVous souhaitez briser votre isolement et reprendre go\u00fbt \u00e0 la vie sociale ?<br \/>\nVous cherchez un lieu d&rsquo;accueil chaleureux o\u00f9 l&rsquo;on vous <strong>\u00e9coute<\/strong>, o\u00f9 l&rsquo;on <strong>partage<\/strong>, o\u00f9 vous avez la <strong>parole<\/strong> ?<\/p>\n<p style=\"text-align: right;\">Venez nous rejoindre !<\/p>\n<h3><span style=\"color: #ff6600;\">Le public cible :<\/span><\/h3>\n<p>Le service accueille des personnes de <strong>18 \u00e0 67 ans<\/strong> :<\/p>\n<ul>\n<li>B\u00e9n\u00e9ficiant du Revenu d&rsquo;Int\u00e9gration Sociale (RIS) ou d&rsquo;une allocation de mutuelle\/INAMI<\/li>\n<li>Ne pouvant momentan\u00e9ment pas b\u00e9n\u00e9ficier d&rsquo;un dispositif d&rsquo;insertion socioprofessionnelle<\/li>\n<li>Chercheurs d&#8217;emploi<\/li>\n<li>Ou toute autre situation (nous contacter)<\/li>\n<\/ul>\n<h3><span style=\"color: #ff6600;\">Nos missions :<\/span><\/h3>\n<ul>\n<li>Rompre l&rsquo;isolement social<\/li>\n<li>Permettre une participation \u00e0 la vie sociale, \u00e9conomique, politique et culturelle<\/li>\n<li>Promouvoir la reconnaissance sociale<\/li>\n<li>D\u00e9velopper la confiance en soi et l&rsquo;estime de soi<\/li>\n<li>Valoriser les comp\u00e9tences personnelles<\/li>\n<li>Am\u00e9liorer le bien-\u00eatre et la qualit\u00e9 de vie<\/li>\n<li>Favoriser l&rsquo;autonomie<\/li>\n<\/ul>\n<h3><span style=\"color: #ff6600;\">Le Service d&rsquo;Insertion Sociale est un lieu d&rsquo;\u00e9panouissement o\u00f9 la personne :<\/span><\/h3>\n<ul>\n<li><span style=\"color: #000000;\">Se rend actrice de sa vie<\/span><\/li>\n<li>Cr\u00e9e du lien social et d\u00e9veloppe un sentiment d&rsquo;appartenance au groupe<\/li>\n<li>Prend mieux conscience de sa situation personnelle en la confrontant \u00e0 celle des autres<\/li>\n<li>A l&rsquo;occasion d&rsquo;exprimer quelque chose d&rsquo;elle-m\u00eame, par la parole ou tout autre moyen d&rsquo;expression<\/li>\n<li>Apprend \u00e0 g\u00e9rer ses \u00e9motions et \u00e0 prendre le contr\u00f4le et le pouvoir de sa propre existence qui la conduit \u00e0 plus d&rsquo;autonomie<\/li>\n<li>D\u00e9couvre les potentiels humains de chacun dans une dimension de groupe<\/li>\n<\/ul>\n<p>L&rsquo;Insertion sociale permet de mobiliser et de renforcer ses ressources sociales et peut \u00eatre une \u00e9tape pr\u00e9alable \u00e0 l&rsquo;insertion socioprofessionnelle.<\/p>\n<h3><span style=\"color: #ff6600;\">Comment ?<\/span><\/h3>\n<ul>\n<li><span style=\"color: #000000;\">Par un travail de groupe mobilisant les ressources collectives et individuelles (ateliers et activit\u00e9s collectives)<\/span><\/li>\n<li>Par un accompagnement psychosocial individuel compl\u00e9mentaire au travail social collectif<\/li>\n<li>Par un travail de r\u00e9seau avec l&rsquo;ensemble de nos partenaires sociaux luxembourgeois<\/li>\n<\/ul>\n<h3><span style=\"color: #36b7c1;\"><span style=\"color: #ff6600;\">Les ateliers propos\u00e9s :<\/span><\/span><\/h3>\n<p>Tous les lundis et jeudis de 8h15 \u00e0 16h45 et un mardi sur deux de 8h15 \u00e0 16h45<\/p>\n<ul>\n<li>Citoyennet\u00e9 : philo, cin\u00e9-d\u00e9bat, jeux coop\u00e9ratifs, actualit\u00e9s, gestion de la vie courante, sensibilisation aux outils num\u00e9riques et aux r\u00e9seaux sociaux<\/li>\n<li>Expression : \u00e9crite, journal cr\u00e9atif, groupes de paroles, th\u00e9\u00e2tre, \u00ab\u00a0A qui le tour\u00a0\u00bb (cr\u00e9ez votre propre animation)<\/li>\n<li>Cuisine de saison (produits locaux et du jardin), \u00e9quilibr\u00e9e, (multi)culturelle, apprentissage de nouvelles techniques culinaires<\/li>\n<li>Jardin collectif et nature<\/li>\n<li>Bien-\u00eatre (relaxation, hygi\u00e8ne personnelle, sant\u00e9, &#8230;)<\/li>\n<li>Activit\u00e9s sportives (marche, volley, badminton, &#8230;)<\/li>\n<li>Sorties culturelles : expositions, th\u00e9\u00e2tre, mus\u00e9es (Article 27)<\/li>\n<li>Projets collectifs (artistiques, sportifs, solidaires, citoyens, &#8230;)<\/li>\n<\/ul>\n<p><span style=\"color: #000000;\">NB : Nous \u00e9tablissons un programme d&rsquo;activit\u00e9s personnalis\u00e9 en fonction de vos attentes et de vos besoins \ud83d\ude42 <\/span><\/p>\n<p>Notre service vous int\u00e9resse ?\u00a0 Vous avez envie d&rsquo;obtenir davantage d&rsquo;information sur nos missions ou nos activit\u00e9s ?\u00a0 Alors n&rsquo;attendez plus, venez nous rencontrer !<\/p>\n<h3><span style=\"color: #ff6600;\">Contact :<\/span><\/h3>\n<p><strong>Conny De Lange\u00a0 |\u00a0 Elodie Haverland\u00a0 | Vinciane Goffaux : 061\/46 86 88<\/strong><\/p>\n<p>Asbl La Source, une cascade de ressources &#8211; Service d&rsquo;Insertion Sociale<br \/>\n8 Menuchenet \u00e0 6834 BELLEVAUX<\/p>\n<p><em>Nos locaux se situent au carrefour de Menuchenet<\/em><\/p>\n<p>Site internet : <a href=\"http:\/\/lasource.be\" target=\"_blank\" rel=\"noopener\"><span style=\"color: #ff6600;\">www.lasource.be<\/span><\/a><br \/>\nAdresse mail : <strong>sis@lasource.be<\/strong><\/p>\n<p><a href=\"https:\/\/www.facebook.com\/profile.php?id=100090684253950\" target=\"_blank\" rel=\"noopener\"><span style=\"color: #ff6600;\">Suivez toutes nos derni\u00e8res actualit\u00e9s sur notre page Facebook :<\/span><\/a><\/p>\n<p><a href=\"https:\/\/www.facebook.com\/profile.php?id=100090684253950\" target=\"_blank\" rel=\"noopener\"><img data-attachment-id=\"2030\" data-permalink=\"https:\/\/lasource.be\/?attachment_id=2030\" data-orig-file=\"https:\/\/i0.wp.com\/lasource.be\/wp-content\/uploads\/2023\/07\/Facebook-SIS.png?fit=301%2C59&amp;ssl=1\" data-orig-size=\"301,59\" data-comments-opened=\"1\" data-image-meta=\"{&quot;aperture&quot;:&quot;0&quot;,&quot;credit&quot;:&quot;&quot;,&quot;camera&quot;:&quot;&quot;,&quot;caption&quot;:&quot;&quot;,&quot;created_timestamp&quot;:&quot;0&quot;,&quot;copyright&quot;:&quot;&quot;,&quot;focal_length&quot;:&quot;0&quot;,&quot;iso&quot;:&quot;0&quot;,&quot;shutter_speed&quot;:&quot;0&quot;,&quot;title&quot;:&quot;&quot;,&quot;orientation&quot;:&quot;0&quot;}\" data-image-title=\"Facebook SIS\" data-image-description=\"\" data-image-caption=\"\" data-medium-file=\"https:\/\/i0.wp.com\/lasource.be\/wp-content\/uploads\/2023\/07\/Facebook-SIS.png?fit=300%2C59&amp;ssl=1\" data-large-file=\"https:\/\/i0.wp.com\/lasource.be\/wp-content\/uploads\/2023\/07\/Facebook-SIS.png?fit=301%2C59&amp;ssl=1\" decoding=\"async\" loading=\"lazy\" class=\"alignnone wp-image-2030\" src=\"https:\/\/i0.wp.com\/lasource.be\/wp-content\/uploads\/2023\/07\/Facebook-SIS.png?resize=200%2C39&#038;ssl=1\" alt=\"\" width=\"200\" height=\"39\" data-recalc-dims=\"1\" \/><\/a><\/p>\n<p>&nbsp;<\/p>\n<hr \/>\n<h3><span style=\"color: #ff6600;\">Nos partenaires :<\/span><\/h3>\n<p><a href=\"http:\/\/actionsociale.wallonie.be\/insertion-activation-aide-sociale\/services-insertion-sociale\" target=\"_blank\" rel=\"noopener\">S.I.S. de Wallonie<\/a><br \/>\nC.P.A.S de la r\u00e9gion<br \/>\n<a href=\"https:\/\/www.lureso.be\/page\/fiche.php?id=91&amp;nom=Service_de_sante_mentale_du_Nord_et_du_Centre_Luxembourg\" target=\"_blank\" rel=\"noopener\">Service de sant\u00e9 mentale nord et centre Luxembourg<\/a><br \/>\n<a href=\"https:\/\/www.codef.be\/asbl\/groupe-daction-locale-gal-ardenne-meridionale\/\" target=\"_blank\" rel=\"noopener\">G.A.L. Ardenne M\u00e9ridionale<\/a><br \/>\n<a href=\"https:\/\/www.caips.be\/\" target=\"_blank\" rel=\"noopener\">F\u00e9d\u00e9ration C.A.I.P.S.<\/a> (Concertation des Ateliers d\u2019Insertion Professionnelle et Sociale)<br \/>\n<a href=\"https:\/\/www.bouillon.be\/\" target=\"_blank\" rel=\"noopener\">Administration communale de Bouillon<\/a><br \/>\n<a href=\"https:\/\/www.bouillon.be\/ma-commune\/citoyennete\/cohesion-sociale\" target=\"_blank\" rel=\"noopener\">PCS de Bouillon<\/a><br \/>\n<a href=\"https:\/\/www.bouillon.be\/ma-commune\/services-communaux\/bibliotheque\" target=\"_blank\" rel=\"noopener\">Biblioth\u00e8que de Bouillon<\/a><br \/>\n<a href=\"https:\/\/wallonie.article27.be\/?sommaire=oui\" target=\"_blank\" rel=\"noopener\">Article 27<\/a><br \/>\nCentres culturels (<a href=\"https:\/\/www.bouillon.be\/loisirs\/culture\/bibliotheque\" target=\"_blank\" rel=\"noopener\">Bouillon<\/a>, <a href=\"http:\/\/www.ccbertrix.be\/\" target=\"_blank\" rel=\"noopener\">Bertrix<\/a>, <a href=\"http:\/\/centreculturel-bievre.com\/\" target=\"_blank\" rel=\"noopener\">Bi\u00e8vre<\/a>)<br \/>\n<a href=\"https:\/\/www.vivalia.be\/page\/resolux\" target=\"_blank\" rel=\"noopener\">Service R\u00e9solux<\/a><br \/>\n<a href=\"https:\/\/www.laicite.be\/laction-laique\/services\/interculturalite\/\" target=\"_blank\" rel=\"noopener\">Centre d\u2019Action La\u00efque C.I.E.P. \u2013 M.O.C<\/a><br \/>\n<a href=\"https:\/\/lureso.be\/page\/fiche.php?id=432&amp;nom=Sesame_-_ASBL_Integration_Sociale_et_Travail\" target=\"_blank\" rel=\"noopener\">Service d\u2019accompagnement \u00ab\u00a0S\u00e9same\u00a0\u00bb<\/a><br \/>\n<a href=\"https:\/\/www.vivalia.be\/institution\/hopital-psychiatrique-de-bertrix\" target=\"_blank\" rel=\"noopener\">L\u2019h\u00f4pital psychiatrique de La Clairi\u00e8re \u00e0 Bertrix<\/a><br \/>\n<a href=\"https:\/\/www.vivalia.be\/institution\/hp-famenne-ardennes-bertrix\" target=\"_blank\" rel=\"noopener\">Habitations Prot\u00e9g\u00e9es de Bertrix<\/a><br \/>\n<a href=\"https:\/\/www.planningsfps.be\/\" target=\"_blank\" rel=\"noopener\">Planning familial<\/a><br \/>\n<a href=\"http:\/\/www.province.luxembourg.be\/fr\/accueil.html?IDC=2775#.X7PuhlDjJPY\" target=\"_blank\" rel=\"noopener\">Province de Luxembourg<\/a><br \/>\n<a href=\"https:\/\/www.lureso.be\/page\/fiche.php?id=15077&amp;nom=Equipes_mobiles_-_Diapazon\" target=\"_blank\" rel=\"noopener\">Diapazon<\/a><br \/>\n<a href=\"https:\/\/www.reseau-proxirelux.be\/\" target=\"_blank\" rel=\"noopener\">Proxir\u00e9lux<\/a><br \/>\n<a href=\"https:\/\/www.crf-lacordee.com\/\" target=\"_blank\" rel=\"noopener\">Centre de R\u00e9adaption Fonctionnelle \u00ab\u00a0la Cord\u00e9e\u00a0\u00bb<\/a><br \/>\n<a href=\"https:\/\/www.ismbouillon.be\/\" target=\"_blank\" rel=\"noopener\">Institut Sainte-Marie de Bouillon<\/a><\/p>\n<p><a href=\"https:\/\/spw.wallonie.be\/\" target=\"_blank\" rel=\"noopener\"><img data-attachment-id=\"1342\" data-permalink=\"https:\/\/lasource.be\/?attachment_id=1342\" data-orig-file=\"https:\/\/i0.wp.com\/lasource.be\/wp-content\/uploads\/2020\/11\/logo-SPW.jpeg?fit=950%2C472&amp;ssl=1\" data-orig-size=\"950,472\" data-comments-opened=\"1\" data-image-meta=\"{&quot;aperture&quot;:&quot;0&quot;,&quot;credit&quot;:&quot;&quot;,&quot;camera&quot;:&quot;&quot;,&quot;caption&quot;:&quot;&quot;,&quot;created_timestamp&quot;:&quot;0&quot;,&quot;copyright&quot;:&quot;&quot;,&quot;focal_length&quot;:&quot;0&quot;,&quot;iso&quot;:&quot;0&quot;,&quot;shutter_speed&quot;:&quot;0&quot;,&quot;title&quot;:&quot;&quot;,&quot;orientation&quot;:&quot;0&quot;}\" data-image-title=\"logo SPW\" data-image-description=\"\" data-image-caption=\"\" data-medium-file=\"https:\/\/i0.wp.com\/lasource.be\/wp-content\/uploads\/2020\/11\/logo-SPW.jpeg?fit=300%2C149&amp;ssl=1\" data-large-file=\"https:\/\/i0.wp.com\/lasource.be\/wp-content\/uploads\/2020\/11\/logo-SPW.jpeg?fit=825%2C410&amp;ssl=1\" decoding=\"async\" loading=\"lazy\" class=\"alignleft wp-image-1342\" src=\"https:\/\/i0.wp.com\/lasource.be\/wp-content\/uploads\/2020\/11\/logo-SPW-300x149.jpeg?resize=150%2C75\" alt=\"\" width=\"150\" height=\"75\" srcset=\"https:\/\/i0.wp.com\/lasource.be\/wp-content\/uploads\/2020\/11\/logo-SPW.jpeg?resize=300%2C149&amp;ssl=1 300w, https:\/\/i0.wp.com\/lasource.be\/wp-content\/uploads\/2020\/11\/logo-SPW.jpeg?resize=768%2C382&amp;ssl=1 768w, https:\/\/i0.wp.com\/lasource.be\/wp-content\/uploads\/2020\/11\/logo-SPW.jpeg?w=950&amp;ssl=1 950w\" sizes=\"(max-width: 150px) 100vw, 150px\" data-recalc-dims=\"1\" \/><\/a><\/p>\n<p>&nbsp;<\/p>\n<p>&nbsp;<\/p>\n<p>&nbsp;<\/p>\n<hr \/>\n<p><em>Notre local du Service d&rsquo;Insertion Sociale :<\/em><\/p>\n<p><a href=\"https:\/\/i0.wp.com\/lasource.be\/wp-content\/uploads\/2018\/08\/SAM_9969.jpg\" target=\"_blank\" rel=\"noopener\"><img data-attachment-id=\"761\" data-permalink=\"https:\/\/lasource.be\/?attachment_id=761\" data-orig-file=\"https:\/\/i0.wp.com\/lasource.be\/wp-content\/uploads\/2018\/08\/SAM_9969.jpg?fit=4608%2C3456&amp;ssl=1\" data-orig-size=\"4608,3456\" data-comments-opened=\"1\" data-image-meta=\"{&quot;aperture&quot;:&quot;2.5&quot;,&quot;credit&quot;:&quot;&quot;,&quot;camera&quot;:&quot;ST150F\\\/ST151F\\\/ST152F&quot;,&quot;caption&quot;:&quot;SAMSUNG CAMERA PICTURES&quot;,&quot;created_timestamp&quot;:&quot;1534937703&quot;,&quot;copyright&quot;:&quot;Copyright 2012&quot;,&quot;focal_length&quot;:&quot;4.5&quot;,&quot;iso&quot;:&quot;80&quot;,&quot;shutter_speed&quot;:&quot;0.008&quot;,&quot;title&quot;:&quot;SAMSUNG CAMERA PICTURES&quot;,&quot;orientation&quot;:&quot;1&quot;}\" data-image-title=\"Service d&amp;rsquo;Insertion Sociale\" data-image-description=\"\" data-image-caption=\"&lt;p&gt;Notre salle du SIS fra\u00eechement repeinte !&lt;\/p&gt;\n\" data-medium-file=\"https:\/\/i0.wp.com\/lasource.be\/wp-content\/uploads\/2018\/08\/SAM_9969.jpg?fit=300%2C225&amp;ssl=1\" data-large-file=\"https:\/\/i0.wp.com\/lasource.be\/wp-content\/uploads\/2018\/08\/SAM_9969.jpg?fit=825%2C619&amp;ssl=1\" decoding=\"async\" loading=\"lazy\" class=\"wp-image-761 size-medium\" src=\"https:\/\/i0.wp.com\/lasource.be\/wp-content\/uploads\/2018\/08\/SAM_9969-300x225.jpg?resize=300%2C225\" alt=\"\" width=\"300\" height=\"225\" srcset=\"https:\/\/i0.wp.com\/lasource.be\/wp-content\/uploads\/2018\/08\/SAM_9969.jpg?resize=300%2C225&amp;ssl=1 300w, https:\/\/i0.wp.com\/lasource.be\/wp-content\/uploads\/2018\/08\/SAM_9969.jpg?resize=768%2C576&amp;ssl=1 768w, https:\/\/i0.wp.com\/lasource.be\/wp-content\/uploads\/2018\/08\/SAM_9969.jpg?resize=1024%2C768&amp;ssl=1 1024w, https:\/\/i0.wp.com\/lasource.be\/wp-content\/uploads\/2018\/08\/SAM_9969.jpg?w=1650&amp;ssl=1 1650w, https:\/\/i0.wp.com\/lasource.be\/wp-content\/uploads\/2018\/08\/SAM_9969.jpg?w=2475&amp;ssl=1 2475w\" sizes=\"(max-width: 300px) 100vw, 300px\" data-recalc-dims=\"1\" \/><\/a><\/p>\n","protected":false},"excerpt":{"rendered":"<p>Vous vous posez des questions sur votre avenir ? Vous souhaitez briser votre isolement et reprendre go\u00fbt \u00e0 la vie sociale ? Vous cherchez un lieu d&rsquo;accueil chaleureux o\u00f9 l&rsquo;on&hellip; <a href=\"https:\/\/lasource.be\/?page_id=46\" class=\"more-link\">Lire la suite <span class=\"screen-reader-text\">Service d&rsquo;Insertion Sociale<\/span><\/a><\/p>\n","protected":false},"author":1,"featured_media":0,"parent":40,"menu_order":2,"comment_status":"closed","ping_status":"closed","template":"","meta":{"jetpack_post_was_ever_published":false},"tags":[],"jetpack_sharing_enabled":true,"jetpack_shortlink":"https:\/\/wp.me\/P8UIgU-K","jetpack-related-posts":[{"id":41,"url":"https:\/\/lasource.be\/?page_id=41","url_meta":{"origin":46,"position":0},"title":"Notre \u00e9quipe","date":"6 juillet 2017","format":false,"excerpt":"Notre \u00e9quipe sera ravie de vous accueillir\u2026 La direction : Sophie GOOSSE Le service social : Audrey BRICHET Sophie GOOSSE Elodie ISTASSE Vinciane GOFFAUX Le service comptabilit\u00e9 : Sylvie LAMOTTE Les formateurs : Informatique : Laurent BOURDON (Informatique\/Bureautique\/Animateur Espace Public Num\u00e9rique) Sophie HENON (Informatique\/Bureautique\/DIGISTART) Multim\u00e9dia : Nicola\u00ef BLOMSTRAND (Multim\u00e9dia\/Photographie) Remise\u2026","rel":"","context":"Article similaire","img":{"alt_text":"","src":"","width":0,"height":0},"classes":[]},{"id":45,"url":"https:\/\/lasource.be\/?page_id=45","url_meta":{"origin":46,"position":1},"title":"Centre de Formation CISP","date":"6 juillet 2017","format":false,"excerpt":"Les Centres d\u2019insertion socioprofessionnelle (CISP) assurent la formation de stagiaires \u00e9loign\u00e9s de l\u2019emploi. Ils recourent \u00e0 une p\u00e9dagogie sp\u00e9cifique pour permettre aux stagiaires d\u2019acqu\u00e9rir des comp\u00e9tences g\u00e9n\u00e9rales et techniques, tout en b\u00e9n\u00e9ficiant d\u2019un accompagnement psychosocial. Les CISP remplacent les Organismes d\u2019insertion socioprofessionnelle (OISP) et les Entreprises de Formation par le\u2026","rel":"","context":"Article similaire","img":{"alt_text":"","src":"","width":0,"height":0},"classes":[]},{"id":147,"url":"https:\/\/lasource.be\/?page_id=147","url_meta":{"origin":46,"position":2},"title":"Qui sommes-nous ?","date":"11 juillet 2017","format":false,"excerpt":"La Source, une belle aventure humaine... C\u2019est en 1983 que commence cette belle aventure humaine. A l\u2019initiative du centre de Guidance et du CPAS de Bouillon, divers services \u00e0 la population sont mis en place : Une Maison des Enfants Un Service D\u00e9pannage Un Atelier de Couture Un Salon-Lavoir Un\u2026","rel":"","context":"Article similaire","img":{"alt_text":"","src":"","width":0,"height":0},"classes":[]},{"id":39,"url":"https:\/\/lasource.be\/?page_id=39","url_meta":{"origin":46,"position":3},"title":"Nos Formations","date":"6 juillet 2017","format":false,"excerpt":"En tant que Centre d'Insertion SocioProfessionnelle (CISP), La Source assure la formation de stagiaires \u00e9loign\u00e9s de l'emploi. Nous d\u00e9veloppons une p\u00e9dagogie sp\u00e9cifique afin de permettre aux stagiaires (c'est comme cela que sont appel\u00e9s les participants \u00e0 nos formations) d'acqu\u00e9rir des comp\u00e9tences g\u00e9n\u00e9rales et techniques, tout en b\u00e9n\u00e9ficiant d'un accompagnement psychosocial.\u2026","rel":"","context":"Article similaire","img":{"alt_text":"","src":"","width":0,"height":0},"classes":[]},{"id":2478,"url":"https:\/\/lasource.be\/?page_id=2478","url_meta":{"origin":46,"position":4},"title":"Formation DIGISTART","date":"13 f\u00e9vrier 2024","format":false,"excerpt":"- Formation aux comp\u00e9tences num\u00e9riques de base favorisant l'insertion socioprofessionnelle - Pour y participer : La formation est ouverte aux personnes de tous \u00e2ges, \u00e0 partir de 18 ans : au ch\u00f4mage au Revenu d'Int\u00e9gration Sociale inscrites en tant que chercheurs d'emploi Objectifs : Acqu\u00e9rir les comp\u00e9tences num\u00e9riques de base\u2026","rel":"","context":"Article similaire","img":{"alt_text":"","src":"https:\/\/i0.wp.com\/lasource.be\/wp-content\/uploads\/2025\/05\/Digistart-2025-scaled.jpg?resize=350%2C200","width":350,"height":200},"classes":[]},{"id":231,"url":"https:\/\/lasource.be\/?page_id=231","url_meta":{"origin":46,"position":5},"title":"Formation Bureau&rsquo;Tic","date":"18 juillet 2017","format":false,"excerpt":"- Formation pr\u00e9-qualifiante destin\u00e9e \u00e0 toute personne qui souhaite s'initier ou se perfectionner dans les logiciels de la suite bureautique\u00a0 Microsoft Office - Pour y participer : La formation est ouverte aux personnes de tous \u00e2ges, \u00e0 partir de 18 ans : au ch\u00f4mage au Revenu d'Int\u00e9gration Sociale inscrites en\u2026","rel":"","context":"Article similaire","img":{"alt_text":"","src":"https:\/\/i0.wp.com\/lasource.be\/wp-content\/uploads\/2022\/10\/Visuel-Seances-info-BUREAU-TIC-300x300.png?resize=350%2C200&ssl=1","width":350,"height":200},"classes":[]}],"_links":{"self":[{"href":"https:\/\/lasource.be\/index.php?rest_route=\/wp\/v2\/pages\/46"}],"collection":[{"href":"https:\/\/lasource.be\/index.php?rest_route=\/wp\/v2\/pages"}],"about":[{"href":"https:\/\/lasource.be\/index.php?rest_route=\/wp\/v2\/types\/page"}],"author":[{"embeddable":true,"href":"https:\/\/lasource.be\/index.php?rest_route=\/wp\/v2\/users\/1"}],"replies":[{"embeddable":true,"href":"https:\/\/lasource.be\/index.php?rest_route=%2Fwp%2Fv2%2Fcomments&post=46"}],"version-history":[{"count":36,"href":"https:\/\/lasource.be\/index.php?rest_route=\/wp\/v2\/pages\/46\/revisions"}],"predecessor-version":[{"id":2885,"href":"https:\/\/lasource.be\/index.php?rest_route=\/wp\/v2\/pages\/46\/revisions\/2885"}],"up":[{"embeddable":true,"href":"https:\/\/lasource.be\/index.php?rest_route=\/wp\/v2\/pages\/40"}],"wp:attachment":[{"href":"https:\/\/lasource.be\/index.php?rest_route=%2Fwp%2Fv2%2Fmedia&parent=46"}],"wp:term":[{"taxonomy":"post_tag","embeddable":true,"href":"https:\/\/lasource.be\/index.php?rest_route=%2Fwp%2Fv2%2Ftags&post=46"}],"curies":[{"name":"wp","href":"https:\/\/api.w.org\/{rel}","templated":true}]}}