{"id":47,"date":"2017-07-06T16:00:32","date_gmt":"2017-07-06T14:00:32","guid":{"rendered":"http:\/\/lasource.be\/?page_id=47"},"modified":"2026-02-09T16:43:58","modified_gmt":"2026-02-09T15:43:58","slug":"espace-public-numerique","status":"publish","type":"page","link":"https:\/\/lasource.be\/?page_id=47","title":{"rendered":"Espace Public Num\u00e9rique"},"content":{"rendered":"<p><img data-attachment-id=\"2472\" data-permalink=\"https:\/\/lasource.be\/?attachment_id=2472\" data-orig-file=\"https:\/\/i0.wp.com\/lasource.be\/wp-content\/uploads\/2024\/02\/EPN_logo.png?fit=455%2C166&amp;ssl=1\" data-orig-size=\"455,166\" data-comments-opened=\"1\" data-image-meta=\"{&quot;aperture&quot;:&quot;0&quot;,&quot;credit&quot;:&quot;&quot;,&quot;camera&quot;:&quot;&quot;,&quot;caption&quot;:&quot;&quot;,&quot;created_timestamp&quot;:&quot;0&quot;,&quot;copyright&quot;:&quot;&quot;,&quot;focal_length&quot;:&quot;0&quot;,&quot;iso&quot;:&quot;0&quot;,&quot;shutter_speed&quot;:&quot;0&quot;,&quot;title&quot;:&quot;&quot;,&quot;orientation&quot;:&quot;0&quot;}\" data-image-title=\"EPN_logo\" data-image-description=\"\" data-image-caption=\"\" data-medium-file=\"https:\/\/i0.wp.com\/lasource.be\/wp-content\/uploads\/2024\/02\/EPN_logo.png?fit=300%2C109&amp;ssl=1\" data-large-file=\"https:\/\/i0.wp.com\/lasource.be\/wp-content\/uploads\/2024\/02\/EPN_logo.png?fit=455%2C166&amp;ssl=1\" decoding=\"async\" loading=\"lazy\" class=\"aligncenter wp-image-2472\" src=\"https:\/\/i0.wp.com\/lasource.be\/wp-content\/uploads\/2024\/02\/EPN_logo.png?resize=300%2C109&#038;ssl=1\" alt=\"\" width=\"300\" height=\"109\" srcset=\"https:\/\/i0.wp.com\/lasource.be\/wp-content\/uploads\/2024\/02\/EPN_logo.png?resize=300%2C109&amp;ssl=1 300w, https:\/\/i0.wp.com\/lasource.be\/wp-content\/uploads\/2024\/02\/EPN_logo.png?w=455&amp;ssl=1 455w\" sizes=\"(max-width: 300px) 100vw, 300px\" data-recalc-dims=\"1\" \/><\/p>\n<p style=\"text-align: center;\"><em>Labellis\u00e9 \u00ab\u00a0EPN de Wallonie\u00a0\u00bb depuis 2010, La Source vous propose<br \/>\nson service unique dans la r\u00e9gion de Bouillon baptis\u00e9 l&rsquo; <strong><span style=\"color: #10549f;\">EPN de la Semois<\/span><\/strong><\/em><\/p>\n<p>Vous n&rsquo;avez pas d&rsquo;ordinateur ? Cet espace est pour vous !<br \/>\nDe nos jours, l&rsquo;informatique est devenu indispensable et fait partie de notre quotidien.<br \/>\nC&rsquo;est pourquoi nous sommes fiers de le rendre <span style=\"color: #10549f;\"><strong>accessible pour tous<\/strong><\/span>.<\/p>\n<h3><span style=\"color: #10549f;\">Un EPN, c&rsquo;est quoi ?<\/span><\/h3>\n<p>C&rsquo;est un cyber espace convivial, o\u00f9 vous pouvez venir utiliser l&rsquo;ordinateur et consulter Internet en acc\u00e8s libre.<br \/>\nL&rsquo;acc\u00e8s \u00e0 Internet est enti\u00e8rement gratuit.\u00a0 Les photocopies et impressions sont payantes.<br \/>\nDes petits modules de formations sont \u00e9galement propos\u00e9s (Word, Excel, Powerpoint, montage photos, retouches photos&#8230;).<br \/>\nNous proposons aussi de l&rsquo;aide pour la r\u00e9alisation de votre CV et lettre de motivation.<strong><br \/>\n<\/strong><\/p>\n<h3><span style=\"color: #10549f;\">Un EPN, c&rsquo;est pour qui ?<\/span><\/h3>\n<p>Notre EPN accueille tous les publics :<\/p>\n<ul>\n<li>Les enfants (pour les recherches scolaires&#8230;)<\/li>\n<li>Les ados et adultes (recherches d&#8217;emploi, renseignements sur Internet, aide dans les d\u00e9marches en ligne, &#8230;)<\/li>\n<li>\u00c9tudiants dans le cadre de Formations \u00e0 Distance, aide pour la mise en page de travaux (TFE, &#8230;)<\/li>\n<li>Les seniors (d\u00e9couverte de l&rsquo;ordinateur, cr\u00e9ation et utilisation d&rsquo;une bo\u00eete mail, utilisation des services administratifs et bancaires en ligne, &#8230;)<\/li>\n<\/ul>\n<h3><span style=\"color: #10549f;\">Horaire :<\/span><\/h3>\n<p>Notre EPN est ouvert du lundi au mercredi <span style=\"color: #10549f;\"><strong>uniquement sur rendez-vous<\/strong><\/span><\/p>\n<h3><span style=\"color: #10549f;\">Contact :<\/span><\/h3>\n<p>Laurent Bourdon : 061\/46 86 88<\/p>\n<p>Menuchenet, 8<br \/>\n6834 BELLEVAUX<br \/>\nEmail : lasource@lasource.be<\/p>\n","protected":false},"excerpt":{"rendered":"<p>Labellis\u00e9 \u00ab\u00a0EPN de Wallonie\u00a0\u00bb depuis 2010, La Source vous propose son service unique dans la r\u00e9gion de Bouillon baptis\u00e9 l&rsquo; EPN de la Semois Vous n&rsquo;avez pas d&rsquo;ordinateur ? Cet&hellip; <a href=\"https:\/\/lasource.be\/?page_id=47\" class=\"more-link\">Lire la suite <span class=\"screen-reader-text\">Espace Public Num\u00e9rique<\/span><\/a><\/p>\n","protected":false},"author":1,"featured_media":0,"parent":40,"menu_order":3,"comment_status":"closed","ping_status":"closed","template":"","meta":{"jetpack_post_was_ever_published":false},"tags":[],"jetpack_sharing_enabled":true,"jetpack_shortlink":"https:\/\/wp.me\/P8UIgU-L","jetpack-related-posts":[{"id":147,"url":"https:\/\/lasource.be\/?page_id=147","url_meta":{"origin":47,"position":0},"title":"Qui sommes-nous ?","date":"11 juillet 2017","format":false,"excerpt":"La Source, une belle aventure humaine... C\u2019est en 1983 que commence cette belle aventure humaine. A l\u2019initiative du centre de Guidance et du CPAS de Bouillon, divers services \u00e0 la population sont mis en place : Une Maison des Enfants Un Service D\u00e9pannage Un Atelier de Couture Un Salon-Lavoir Un\u2026","rel":"","context":"Article similaire","img":{"alt_text":"","src":"","width":0,"height":0},"classes":[]},{"id":42,"url":"https:\/\/lasource.be\/?page_id=42","url_meta":{"origin":47,"position":1},"title":"Formation de base en BUREAUTIQUE","date":"6 juillet 2017","format":false,"excerpt":"Form\u00e9 \u00e0 la pointe du progr\u00e8s, mettez toutes les chances de votre c\u00f4t\u00e9 ! Afin de vous initier ou de vous perfectionner, nous vous proposons diverses formations adapt\u00e9es \u00e0 tous les niveaux \u00a0 Nous proposons des formations informatiques adapt\u00e9es \u00e0 tous les niveaux, destin\u00e9es aux chercheurs d'emploi : La formation\u2026","rel":"","context":"Article similaire","img":{"alt_text":"","src":"https:\/\/i0.wp.com\/lasource.be\/wp-content\/uploads\/2018\/08\/SAM_9977-300x225.jpg?resize=350%2C200","width":350,"height":200},"classes":[]},{"id":2478,"url":"https:\/\/lasource.be\/?page_id=2478","url_meta":{"origin":47,"position":2},"title":"Formation DIGISTART","date":"13 f\u00e9vrier 2024","format":false,"excerpt":"- Formation aux comp\u00e9tences num\u00e9riques de base favorisant l'insertion socioprofessionnelle - Pour y participer : La formation est ouverte aux personnes de tous \u00e2ges, \u00e0 partir de 18 ans : au ch\u00f4mage au Revenu d'Int\u00e9gration Sociale inscrites en tant que chercheurs d'emploi Objectifs : Acqu\u00e9rir les comp\u00e9tences num\u00e9riques de base\u2026","rel":"","context":"Article similaire","img":{"alt_text":"","src":"https:\/\/i0.wp.com\/lasource.be\/wp-content\/uploads\/2025\/05\/Digistart-2025-scaled.jpg?resize=350%2C200","width":350,"height":200},"classes":[]},{"id":231,"url":"https:\/\/lasource.be\/?page_id=231","url_meta":{"origin":47,"position":3},"title":"Formation Bureau&rsquo;Tic","date":"18 juillet 2017","format":false,"excerpt":"- Formation pr\u00e9-qualifiante destin\u00e9e \u00e0 toute personne qui souhaite s'initier ou se perfectionner dans les logiciels de la suite bureautique\u00a0 Microsoft Office - Pour y participer : La formation est ouverte aux personnes de tous \u00e2ges, \u00e0 partir de 18 ans : au ch\u00f4mage au Revenu d'Int\u00e9gration Sociale inscrites en\u2026","rel":"","context":"Article similaire","img":{"alt_text":"","src":"https:\/\/i0.wp.com\/lasource.be\/wp-content\/uploads\/2022\/10\/Visuel-Seances-info-BUREAU-TIC-300x300.png?resize=350%2C200&ssl=1","width":350,"height":200},"classes":[]},{"id":41,"url":"https:\/\/lasource.be\/?page_id=41","url_meta":{"origin":47,"position":4},"title":"Notre \u00e9quipe","date":"6 juillet 2017","format":false,"excerpt":"Notre \u00e9quipe sera ravie de vous accueillir\u2026 La direction : Sophie GOOSSE Le service social : Audrey BRICHET Sophie GOOSSE Elodie ISTASSE Vinciane GOFFAUX Le service comptabilit\u00e9 : Sylvie LAMOTTE Les formateurs : Informatique : Laurent BOURDON (Informatique\/Bureautique\/Animateur Espace Public Num\u00e9rique) Sophie HENON (Informatique\/Bureautique\/DIGISTART) Multim\u00e9dia : Nicola\u00ef BLOMSTRAND (Multim\u00e9dia\/Photographie) Remise\u2026","rel":"","context":"Article similaire","img":{"alt_text":"","src":"","width":0,"height":0},"classes":[]},{"id":804,"url":"https:\/\/lasource.be\/?page_id=804","url_meta":{"origin":47,"position":5},"title":"La Source en photos ! Bonne visite de nos locaux :-)","date":"4 septembre 2018","format":false,"excerpt":"","rel":"","context":"Article similaire","img":{"alt_text":"","src":"https:\/\/i0.wp.com\/lasource.be\/wp-content\/uploads\/2018\/09\/SAM_0007.jpg?resize=350%2C200","width":350,"height":200},"classes":[]}],"_links":{"self":[{"href":"https:\/\/lasource.be\/index.php?rest_route=\/wp\/v2\/pages\/47"}],"collection":[{"href":"https:\/\/lasource.be\/index.php?rest_route=\/wp\/v2\/pages"}],"about":[{"href":"https:\/\/lasource.be\/index.php?rest_route=\/wp\/v2\/types\/page"}],"author":[{"embeddable":true,"href":"https:\/\/lasource.be\/index.php?rest_route=\/wp\/v2\/users\/1"}],"replies":[{"embeddable":true,"href":"https:\/\/lasource.be\/index.php?rest_route=%2Fwp%2Fv2%2Fcomments&post=47"}],"version-history":[{"count":34,"href":"https:\/\/lasource.be\/index.php?rest_route=\/wp\/v2\/pages\/47\/revisions"}],"predecessor-version":[{"id":2886,"href":"https:\/\/lasource.be\/index.php?rest_route=\/wp\/v2\/pages\/47\/revisions\/2886"}],"up":[{"embeddable":true,"href":"https:\/\/lasource.be\/index.php?rest_route=\/wp\/v2\/pages\/40"}],"wp:attachment":[{"href":"https:\/\/lasource.be\/index.php?rest_route=%2Fwp%2Fv2%2Fmedia&parent=47"}],"wp:term":[{"taxonomy":"post_tag","embeddable":true,"href":"https:\/\/lasource.be\/index.php?rest_route=%2Fwp%2Fv2%2Ftags&post=47"}],"curies":[{"name":"wp","href":"https:\/\/api.w.org\/{rel}","templated":true}]}}