{"id":49,"date":"2017-07-06T16:00:33","date_gmt":"2017-07-06T14:00:33","guid":{"rendered":"http:\/\/lasource.be\/?page_id=49"},"modified":"2026-01-14T15:13:30","modified_gmt":"2026-01-14T14:13:30","slug":"contact","status":"publish","type":"page","link":"https:\/\/lasource.be\/?page_id=49","title":{"rendered":"Contact"},"content":{"rendered":"<h3>Une question ? Un renseignement ?<br \/>\nLaissez-nous un message en remplissant le formulaire ci-dessous :<\/h3>\n\n<div class=\"wpcf7 no-js\" id=\"wpcf7-f119-o1\" lang=\"fr-FR\" dir=\"ltr\">\n<div class=\"screen-reader-response\"><p role=\"status\" aria-live=\"polite\" aria-atomic=\"true\"><\/p> <ul><\/ul><\/div>\n<form action=\"\/index.php?rest_route=%2Fwp%2Fv2%2Fpages%2F49#wpcf7-f119-o1\" method=\"post\" class=\"wpcf7-form init\" aria-label=\"Formulaire de contact\" novalidate=\"novalidate\" data-status=\"init\">\n<div style=\"display: none;\">\n<input type=\"hidden\" name=\"_wpcf7\" value=\"119\" \/>\n<input type=\"hidden\" name=\"_wpcf7_version\" value=\"5.7.4\" \/>\n<input type=\"hidden\" name=\"_wpcf7_locale\" value=\"fr_FR\" \/>\n<input type=\"hidden\" name=\"_wpcf7_unit_tag\" value=\"wpcf7-f119-o1\" \/>\n<input type=\"hidden\" name=\"_wpcf7_container_post\" value=\"0\" \/>\n<input type=\"hidden\" name=\"_wpcf7_posted_data_hash\" value=\"\" \/>\n<input type=\"hidden\" name=\"_wpcf7_recaptcha_response\" value=\"\" \/>\n<\/div>\n<p><label> Votre nom et pr\u00e9nom (obligatoire)<br \/>\n<span class=\"wpcf7-form-control-wrap\" data-name=\"your-name\"><input size=\"40\" class=\"wpcf7-form-control wpcf7-text wpcf7-validates-as-required\" aria-required=\"true\" aria-invalid=\"false\" value=\"\" type=\"text\" name=\"your-name\" \/><\/span> <\/label>\n<\/p>\n<p><label> Votre e-mail (obligatoire)<br \/>\n<span class=\"wpcf7-form-control-wrap\" data-name=\"your-email\"><input size=\"40\" class=\"wpcf7-form-control wpcf7-text wpcf7-email wpcf7-validates-as-required wpcf7-validates-as-email\" aria-required=\"true\" aria-invalid=\"false\" value=\"\" type=\"email\" name=\"your-email\" \/><\/span> <\/label>\n<\/p>\n<p><label> Votre num\u00e9ro de t\u00e9l\u00e9phone (obligatoire)<br \/>\n<span class=\"wpcf7-form-control-wrap\" data-name=\"your-telephone\"><input size=\"40\" class=\"wpcf7-form-control wpcf7-text wpcf7-validates-as-required\" aria-required=\"true\" aria-invalid=\"false\" value=\"\" type=\"text\" name=\"your-telephone\" \/><\/span> <\/label>\n<\/p>\n<p>Je suis int\u00e9ress\u00e9(e) par<br \/>\n<span class=\"wpcf7-form-control-wrap\" data-name=\"interet\"><span class=\"wpcf7-form-control wpcf7-checkbox\"><span class=\"wpcf7-list-item first\"><input type=\"checkbox\" name=\"interet[]\" value=\"Une formation\" \/><span class=\"wpcf7-list-item-label\">Une formation<\/span><\/span><span class=\"wpcf7-list-item\"><input type=\"checkbox\" name=\"interet[]\" value=\"Permis de conduire th\u00e9orique\" \/><span class=\"wpcf7-list-item-label\">Permis de conduire th\u00e9orique<\/span><\/span><span class=\"wpcf7-list-item\"><input type=\"checkbox\" name=\"interet[]\" value=\"Titres-Services\" \/><span class=\"wpcf7-list-item-label\">Titres-Services<\/span><\/span><span class=\"wpcf7-list-item last\"><input type=\"checkbox\" name=\"interet[]\" value=\"Service d&#039;insertion sociale\" \/><span class=\"wpcf7-list-item-label\">Service d&#039;insertion sociale<\/span><\/span><\/span><\/span>\n<\/p>\n<p><label> Votre message<br \/>\n<span class=\"wpcf7-form-control-wrap\" data-name=\"your-message\"><textarea cols=\"40\" rows=\"10\" class=\"wpcf7-form-control wpcf7-textarea\" aria-invalid=\"false\" name=\"your-message\"><\/textarea><\/span> <\/label>\n<\/p>\n<span class=\"wpcf7-form-control-wrap recaptcha\" data-name=\"recaptcha\"><span data-sitekey=\"6Lc_Mh0bAAAAACX4Og7YGiQxY_mlEUkIn6Q-Kap4\" class=\"wpcf7-form-control g-recaptcha wpcf7-recaptcha\"><\/span>\r\n<noscript>\r\n\t<div class=\"grecaptcha-noscript\">\r\n\t\t<iframe src=\"https:\/\/www.recaptcha.net\/recaptcha\/api\/fallback?k=6Lc_Mh0bAAAAACX4Og7YGiQxY_mlEUkIn6Q-Kap4\" frameborder=\"0\" scrolling=\"no\" width=\"310\" height=\"430\">\r\n\t\t<\/iframe>\r\n\t\t<textarea name=\"g-recaptcha-response\" rows=\"3\" cols=\"40\" placeholder=\"reCaptcha Response Here\">\r\n\t\t<\/textarea>\r\n\t<\/div>\r\n<\/noscript>\r\n<\/span>\n<p><input class=\"wpcf7-form-control has-spinner wpcf7-submit\" type=\"submit\" value=\"Envoyer\" \/>\n<\/p><p style=\"display: none !important;\" class=\"akismet-fields-container\" data-prefix=\"_wpcf7_ak_\"><label>&#916;<textarea name=\"_wpcf7_ak_hp_textarea\" cols=\"45\" rows=\"8\" maxlength=\"100\"><\/textarea><\/label><input type=\"hidden\" id=\"ak_js_1\" name=\"_wpcf7_ak_js\" value=\"227\"\/><script>document.getElementById( \"ak_js_1\" ).setAttribute( \"value\", ( new Date() ).getTime() );<\/script><\/p><div class=\"wpcf7-response-output\" aria-hidden=\"true\"><\/div>\n<\/form>\n<\/div>\n\n<hr \/>\n<h3>Ou contactez-nous :<\/h3>\n<p>Asbl La Source, une cascade de ressources<br \/>\n8, Menuchenet<br \/>\n6834 BELLEVAUX<\/p>\n<p>T\u00e9l : 061\/46 86 88<br \/>\nE-mail : lasource@lasource.be<\/p>\n<p>Responsable : Sophie GOOSSE<\/p>\n<hr \/>\n<p><iframe src=\"https:\/\/www.google.com\/maps\/embed?pb=!1m18!1m12!1m3!1d2572.4598372572273!2d5.088628012799806!3d49.85260627136526!2m3!1f0!2f0!3f0!3m2!1i1024!2i768!4f13.1!3m3!1m2!1s0x47ea790ec2a66f31%3A0x198bea042e741fbb!2sMenuchenet%208%2C%206830%20Bouillon!5e0!3m2!1sfr!2sbe!4v1768399510118!5m2!1sfr!2sbe\" width=\"600\" height=\"450\" style=\"border:0;\" allowfullscreen=\"\" loading=\"lazy\" referrerpolicy=\"no-referrer-when-downgrade\"><\/iframe><\/p>\n","protected":false},"excerpt":{"rendered":"<p>Une question ? Un renseignement ? Laissez-nous un message en remplissant le formulaire ci-dessous : Ou contactez-nous : Asbl La Source, une cascade de ressources 8, Menuchenet 6834 BELLEVAUX T\u00e9l&hellip; <a href=\"https:\/\/lasource.be\/?page_id=49\" class=\"more-link\">Lire la suite <span class=\"screen-reader-text\">Contact<\/span><\/a><\/p>\n","protected":false},"author":1,"featured_media":0,"parent":0,"menu_order":5,"comment_status":"closed","ping_status":"closed","template":"","meta":{"jetpack_post_was_ever_published":false},"tags":[],"jetpack_sharing_enabled":true,"jetpack_shortlink":"https:\/\/wp.me\/P8UIgU-N","jetpack-related-posts":[{"id":48,"url":"https:\/\/lasource.be\/?page_id=48","url_meta":{"origin":49,"position":0},"title":"Titres-Services","date":"6 juillet 2017","format":false,"excerpt":"Confiance - Comp\u00e9tence - Proximit\u00e9 Besoin d'un petit ou d'un gros coup de mains ? \u00a0 Nous proposons au domicile du client : Le nettoyage de l'habitation et des vitres Le repassage \u00e0 domicile Les courses m\u00e9nag\u00e8res La pr\u00e9paration des repas \u00a0 Nous proposons \u00e9galement au sein de notre atelier\u2026","rel":"","context":"Article similaire","img":{"alt_text":"","src":"","width":0,"height":0},"classes":[]},{"id":47,"url":"https:\/\/lasource.be\/?page_id=47","url_meta":{"origin":49,"position":1},"title":"Espace Public Num\u00e9rique","date":"6 juillet 2017","format":false,"excerpt":"Labellis\u00e9 \"EPN de Wallonie\" depuis 2010, La Source vous propose son service unique dans la r\u00e9gion de Bouillon baptis\u00e9 l' EPN de la Semois Vous n'avez pas d'ordinateur ? Cet espace est pour vous ! De nos jours, l'informatique est devenu indispensable et fait partie de notre quotidien. C'est pourquoi\u2026","rel":"","context":"Article similaire","img":{"alt_text":"","src":"","width":0,"height":0},"classes":[]},{"id":46,"url":"https:\/\/lasource.be\/?page_id=46","url_meta":{"origin":49,"position":2},"title":"Service d&rsquo;Insertion Sociale","date":"6 juillet 2017","format":false,"excerpt":"Vous vous posez des questions sur votre avenir ? Vous souhaitez briser votre isolement et reprendre go\u00fbt \u00e0 la vie sociale ? Vous cherchez un lieu d'accueil chaleureux o\u00f9 l'on vous \u00e9coute, o\u00f9 l'on partage, o\u00f9 vous avez la parole ? Venez nous rejoindre ! Le public cible : Le\u2026","rel":"","context":"Article similaire","img":{"alt_text":"","src":"https:\/\/i0.wp.com\/lasource.be\/wp-content\/uploads\/2024\/09\/pub-bulletin-communal-2024-FINISH-300x211.png?resize=350%2C200&ssl=1","width":350,"height":200},"classes":[]},{"id":44,"url":"https:\/\/lasource.be\/?page_id=44","url_meta":{"origin":49,"position":3},"title":"Je Cr\u00e9e Mon Avenir 35h","date":"6 juillet 2017","format":false,"excerpt":"- Formation destin\u00e9e \u00e0 toute personne ayant besoin d'accompagnement afin de d\u00e9terminer son projet ou sa r\u00e9orientation professionnelle - Objectifs : Construire\/d\u00e9finir son projet professionnel et personnel \u00c9tablir un plan d\u2019actions Pour y participer : La formation est ouverte aux personnes de tous \u00e2ges, \u00e0 partir de 18 ans :\u2026","rel":"","context":"Article similaire","img":{"alt_text":"","src":"https:\/\/i0.wp.com\/lasource.be\/wp-content\/uploads\/2025\/08\/Pub-JCMA-sans-date-300x192.png?resize=350%2C200&ssl=1","width":350,"height":200},"classes":[]},{"id":1835,"url":"https:\/\/lasource.be\/?page_id=1835","url_meta":{"origin":49,"position":4},"title":"Je Booste Mon Avenir 28h","date":"26 octobre 2022","format":false,"excerpt":"- Formation destin\u00e9e \u00e0 toute personne ayant besoin d'un petit coup de boost afin de concr\u00e9tiser son projet professionnel - Objectifs : D\u00e9finir\/confirmer son projet professionnel et personnel \u00c9tablir un plan d\u2019actions Pour y participer : La formation est ouverte aux personnes de tous \u00e2ges, \u00e0 partir de 18 ans\u2026","rel":"","context":"Article similaire","img":{"alt_text":"","src":"https:\/\/i0.wp.com\/lasource.be\/wp-content\/uploads\/2024\/07\/Pub-JBMA-2024-generale-300x192.png?resize=350%2C200&ssl=1","width":350,"height":200},"classes":[]},{"id":231,"url":"https:\/\/lasource.be\/?page_id=231","url_meta":{"origin":49,"position":5},"title":"Formation Bureau&rsquo;Tic","date":"18 juillet 2017","format":false,"excerpt":"- Formation pr\u00e9-qualifiante destin\u00e9e \u00e0 toute personne qui souhaite s'initier ou se perfectionner dans les logiciels de la suite bureautique\u00a0 Microsoft Office - Pour y participer : La formation est ouverte aux personnes de tous \u00e2ges, \u00e0 partir de 18 ans : au ch\u00f4mage au Revenu d'Int\u00e9gration Sociale inscrites en\u2026","rel":"","context":"Article similaire","img":{"alt_text":"","src":"https:\/\/i0.wp.com\/lasource.be\/wp-content\/uploads\/2022\/10\/Visuel-Seances-info-BUREAU-TIC-300x300.png?resize=350%2C200&ssl=1","width":350,"height":200},"classes":[]}],"_links":{"self":[{"href":"https:\/\/lasource.be\/index.php?rest_route=\/wp\/v2\/pages\/49"}],"collection":[{"href":"https:\/\/lasource.be\/index.php?rest_route=\/wp\/v2\/pages"}],"about":[{"href":"https:\/\/lasource.be\/index.php?rest_route=\/wp\/v2\/types\/page"}],"author":[{"embeddable":true,"href":"https:\/\/lasource.be\/index.php?rest_route=\/wp\/v2\/users\/1"}],"replies":[{"embeddable":true,"href":"https:\/\/lasource.be\/index.php?rest_route=%2Fwp%2Fv2%2Fcomments&post=49"}],"version-history":[{"count":15,"href":"https:\/\/lasource.be\/index.php?rest_route=\/wp\/v2\/pages\/49\/revisions"}],"predecessor-version":[{"id":2869,"href":"https:\/\/lasource.be\/index.php?rest_route=\/wp\/v2\/pages\/49\/revisions\/2869"}],"wp:attachment":[{"href":"https:\/\/lasource.be\/index.php?rest_route=%2Fwp%2Fv2%2Fmedia&parent=49"}],"wp:term":[{"taxonomy":"post_tag","embeddable":true,"href":"https:\/\/lasource.be\/index.php?rest_route=%2Fwp%2Fv2%2Ftags&post=49"}],"curies":[{"name":"wp","href":"https:\/\/api.w.org\/{rel}","templated":true}]}}