{"id":568,"date":"2017-10-12T15:31:13","date_gmt":"2017-10-12T13:31:13","guid":{"rendered":"http:\/\/lasource.be\/?page_id=568"},"modified":"2022-11-03T15:42:52","modified_gmt":"2022-11-03T14:42:52","slug":"journee-interculturelle-les-arbres-du-monde-videos","status":"publish","type":"page","link":"https:\/\/lasource.be\/?page_id=568","title":{"rendered":"Journ\u00e9e Interculturelle \u00ab\u00a0Les arbres du Monde\u00a0\u00bb &#8211; Vid\u00e9os"},"content":{"rendered":"<div class=\"fb-video\" data-allowfullscreen=\"true\" data-href=\"https:\/\/www.facebook.com\/lasource.bouillon\/videos\/a.1419239984791837.1073741849.100001175485478\/1419240018125167\/?type=3\"><\/div>\n<p><em>Danse de bienvenue : belle invitation \u00e0 notre voyage multiculturel !<\/em><\/p>\n<p>&nbsp;<\/p>\n<div class=\"fb-video\" data-allowfullscreen=\"true\" data-href=\"https:\/\/www.facebook.com\/lasource.bouillon\/videos\/a.1419239984791837.1073741849.100001175485478\/1419242868124882\/?type=3\"><\/div>\n<p><em>Tous en route pour la fable africaine \u00ab\u00a0Bienvenue \u00e0 Goma\u00a0\u00bb<\/em><\/p>\n<p>&nbsp;<\/p>\n<div class=\"fb-video\" data-allowfullscreen=\"true\" data-href=\"https:\/\/www.facebook.com\/lasource.bouillon\/videos\/a.1419239984791837.1073741849.100001175485478\/1419245014791334\/?type=3\"><\/div>\n<p>&nbsp;<\/p>\n<div class=\"fb-video\" data-allowfullscreen=\"true\" data-href=\"https:\/\/www.facebook.com\/lasource.bouillon\/videos\/a.1419239984791837.1073741849.100001175485478\/1419245634791272\/?type=3\"><\/div>\n<p><em>Oumar interroge sa poule \u00ab\u00a0magique\u00a0\u00bb \ud83d\ude42<\/em><\/p>\n<p>&nbsp;<\/p>\n<div class=\"fb-video\" data-allowfullscreen=\"true\" data-href=\"https:\/\/www.facebook.com\/lasource.bouillon\/videos\/a.1419239984791837.1073741849.100001175485478\/1419247168124452\/?type=3\"><\/div>\n<p><em>Tecl\u00e9 et Marie dansent autour de \u00ab\u00a0l&rsquo;arbre de la fertilit\u00e9\u00a0\u00bb<\/em><\/p>\n<p>&nbsp;<\/p>\n","protected":false},"excerpt":{"rendered":"<p>Danse de bienvenue : belle invitation \u00e0 notre voyage multiculturel ! &nbsp; Tous en route pour la fable africaine \u00ab\u00a0Bienvenue \u00e0 Goma\u00a0\u00bb &nbsp; &nbsp; Oumar interroge sa poule \u00ab\u00a0magique\u00a0\u00bb \ud83d\ude42&hellip; <a href=\"https:\/\/lasource.be\/?page_id=568\" class=\"more-link\">Lire la suite <span class=\"screen-reader-text\">Journ\u00e9e Interculturelle \u00ab\u00a0Les arbres du Monde\u00a0\u00bb &#8211; Vid\u00e9os<\/span><\/a><\/p>\n","protected":false},"author":1,"featured_media":0,"parent":1889,"menu_order":2,"comment_status":"closed","ping_status":"closed","template":"","meta":{"jetpack_post_was_ever_published":false},"tags":[],"jetpack_sharing_enabled":true,"jetpack_shortlink":"https:\/\/wp.me\/P8UIgU-9a","jetpack-related-posts":[{"id":459,"url":"https:\/\/lasource.be\/?page_id=459","url_meta":{"origin":568,"position":0},"title":"Journ\u00e9e Interculturelle \u00ab\u00a0Les arbres du monde\u00a0\u00bb &#8211; 07\/10\/2017 &#8211; Photos","date":"10 octobre 2017","format":false,"excerpt":"","rel":"","context":"Article similaire","img":{"alt_text":"","src":"https:\/\/i0.wp.com\/lasource.be\/wp-content\/uploads\/2017\/10\/1.jpg?resize=350%2C200","width":350,"height":200},"classes":[]},{"id":39,"url":"https:\/\/lasource.be\/?page_id=39","url_meta":{"origin":568,"position":1},"title":"Nos Formations","date":"6 juillet 2017","format":false,"excerpt":"En tant que Centre d'Insertion SocioProfessionnelle (CISP), La Source assure la formation de stagiaires \u00e9loign\u00e9s de l'emploi. Nous d\u00e9veloppons une p\u00e9dagogie sp\u00e9cifique afin de permettre aux stagiaires (c'est comme cela que sont appel\u00e9s les participants \u00e0 nos formations) d'acqu\u00e9rir des comp\u00e9tences g\u00e9n\u00e9rales et techniques, tout en b\u00e9n\u00e9ficiant d'un accompagnement psychosocial.\u2026","rel":"","context":"Article similaire","img":{"alt_text":"","src":"","width":0,"height":0},"classes":[]},{"id":2478,"url":"https:\/\/lasource.be\/?page_id=2478","url_meta":{"origin":568,"position":2},"title":"Formation DIGISTART","date":"13 f\u00e9vrier 2024","format":false,"excerpt":"- Formation aux comp\u00e9tences num\u00e9riques de base favorisant l'insertion socioprofessionnelle - Pour y participer : La formation est ouverte aux personnes de tous \u00e2ges, \u00e0 partir de 18 ans : au ch\u00f4mage au Revenu d'Int\u00e9gration Sociale inscrites en tant que chercheurs d'emploi Objectifs : Acqu\u00e9rir les comp\u00e9tences num\u00e9riques de base\u2026","rel":"","context":"Article similaire","img":{"alt_text":"","src":"https:\/\/i0.wp.com\/lasource.be\/wp-content\/uploads\/2025\/05\/Digistart-2025-scaled.jpg?resize=350%2C200","width":350,"height":200},"classes":[]},{"id":147,"url":"https:\/\/lasource.be\/?page_id=147","url_meta":{"origin":568,"position":3},"title":"Qui sommes-nous ?","date":"11 juillet 2017","format":false,"excerpt":"La Source, une belle aventure humaine... C\u2019est en 1983 que commence cette belle aventure humaine. A l\u2019initiative du centre de Guidance et du CPAS de Bouillon, divers services \u00e0 la population sont mis en place : Une Maison des Enfants Un Service D\u00e9pannage Un Atelier de Couture Un Salon-Lavoir Un\u2026","rel":"","context":"Article similaire","img":{"alt_text":"","src":"","width":0,"height":0},"classes":[]},{"id":1856,"url":"https:\/\/lasource.be\/?page_id=1856","url_meta":{"origin":568,"position":4},"title":"Formations en orientation professionnelle","date":"27 octobre 2022","format":false,"excerpt":"Vous vous sentez pr\u00eat \u00e0 bouger, \u00e0 d\u00e9couvrir de nouvelles orientations pour construire votre avenir personnel et professionnel ? Nous vous proposons des formations en orientation professionnelle adapt\u00e9es \u00e0 vos besoins ! Je Booste Mon Avenir 28h - Je Cr\u00e9e Mon Avenir 35h \u00a0 \u00a0 \"Bouger, aller \u00e0 la rencontre\u2026","rel":"","context":"Article similaire","img":{"alt_text":"","src":"","width":0,"height":0},"classes":[]},{"id":231,"url":"https:\/\/lasource.be\/?page_id=231","url_meta":{"origin":568,"position":5},"title":"Formation Bureau&rsquo;Tic","date":"18 juillet 2017","format":false,"excerpt":"- Formation pr\u00e9-qualifiante destin\u00e9e \u00e0 toute personne qui souhaite s'initier ou se perfectionner dans les logiciels de la suite bureautique\u00a0 Microsoft Office - Pour y participer : La formation est ouverte aux personnes de tous \u00e2ges, \u00e0 partir de 18 ans : au ch\u00f4mage au Revenu d'Int\u00e9gration Sociale inscrites en\u2026","rel":"","context":"Article similaire","img":{"alt_text":"","src":"https:\/\/i0.wp.com\/lasource.be\/wp-content\/uploads\/2022\/10\/Visuel-Seances-info-BUREAU-TIC-300x300.png?resize=350%2C200&ssl=1","width":350,"height":200},"classes":[]}],"_links":{"self":[{"href":"https:\/\/lasource.be\/index.php?rest_route=\/wp\/v2\/pages\/568"}],"collection":[{"href":"https:\/\/lasource.be\/index.php?rest_route=\/wp\/v2\/pages"}],"about":[{"href":"https:\/\/lasource.be\/index.php?rest_route=\/wp\/v2\/types\/page"}],"author":[{"embeddable":true,"href":"https:\/\/lasource.be\/index.php?rest_route=\/wp\/v2\/users\/1"}],"replies":[{"embeddable":true,"href":"https:\/\/lasource.be\/index.php?rest_route=%2Fwp%2Fv2%2Fcomments&post=568"}],"version-history":[{"count":5,"href":"https:\/\/lasource.be\/index.php?rest_route=\/wp\/v2\/pages\/568\/revisions"}],"predecessor-version":[{"id":574,"href":"https:\/\/lasource.be\/index.php?rest_route=\/wp\/v2\/pages\/568\/revisions\/574"}],"up":[{"embeddable":true,"href":"https:\/\/lasource.be\/index.php?rest_route=\/wp\/v2\/pages\/1889"}],"wp:attachment":[{"href":"https:\/\/lasource.be\/index.php?rest_route=%2Fwp%2Fv2%2Fmedia&parent=568"}],"wp:term":[{"taxonomy":"post_tag","embeddable":true,"href":"https:\/\/lasource.be\/index.php?rest_route=%2Fwp%2Fv2%2Ftags&post=568"}],"curies":[{"name":"wp","href":"https:\/\/api.w.org\/{rel}","templated":true}]}}