{"id":804,"date":"2018-09-04T11:22:34","date_gmt":"2018-09-04T09:22:34","guid":{"rendered":"http:\/\/lasource.be\/?page_id=804"},"modified":"2018-12-06T16:26:23","modified_gmt":"2018-12-06T15:26:23","slug":"la-source-en-photos-bonne-visite-de-nos-locaux","status":"publish","type":"page","link":"https:\/\/lasource.be\/?page_id=804","title":{"rendered":"La Source en photos ! Bonne visite de nos locaux :-)"},"content":{"rendered":"<div data-carousel-extra='{\"blog_id\":1,\"permalink\":\"https:\\\/\\\/lasource.be\\\/?page_id=804\"}' id='gallery-1' class='gallery galleryid-804 gallery-columns-3 gallery-size-thumbnail'><figure class='gallery-item'>\n\t\t\t<div class='gallery-icon landscape'>\n\t\t\t\t<a href='https:\/\/lasource.be\/?attachment_id=809'><img width=\"150\" height=\"150\" src=\"https:\/\/i0.wp.com\/lasource.be\/wp-content\/uploads\/2018\/09\/SAM_0007.jpg?resize=150%2C150&amp;ssl=1\" class=\"attachment-thumbnail size-thumbnail\" alt=\"\" decoding=\"async\" loading=\"lazy\" aria-describedby=\"gallery-1-809\" srcset=\"https:\/\/i0.wp.com\/lasource.be\/wp-content\/uploads\/2018\/09\/SAM_0007.jpg?resize=150%2C150&amp;ssl=1 150w, https:\/\/i0.wp.com\/lasource.be\/wp-content\/uploads\/2018\/09\/SAM_0007.jpg?resize=180%2C180&amp;ssl=1 180w, https:\/\/i0.wp.com\/lasource.be\/wp-content\/uploads\/2018\/09\/SAM_0007.jpg?zoom=2&amp;resize=150%2C150&amp;ssl=1 300w, https:\/\/i0.wp.com\/lasource.be\/wp-content\/uploads\/2018\/09\/SAM_0007.jpg?zoom=3&amp;resize=150%2C150&amp;ssl=1 450w\" sizes=\"(max-width: 150px) 100vw, 150px\" data-attachment-id=\"809\" data-permalink=\"https:\/\/lasource.be\/?attachment_id=809\" data-orig-file=\"https:\/\/i0.wp.com\/lasource.be\/wp-content\/uploads\/2018\/09\/SAM_0007.jpg?fit=4608%2C3456&amp;ssl=1\" data-orig-size=\"4608,3456\" data-comments-opened=\"1\" data-image-meta=\"{&quot;aperture&quot;:&quot;2.5&quot;,&quot;credit&quot;:&quot;&quot;,&quot;camera&quot;:&quot;ST150F\\\/ST151F\\\/ST152F&quot;,&quot;caption&quot;:&quot;SAMSUNG CAMERA PICTURES&quot;,&quot;created_timestamp&quot;:&quot;1536061726&quot;,&quot;copyright&quot;:&quot;Copyright 2012&quot;,&quot;focal_length&quot;:&quot;4.5&quot;,&quot;iso&quot;:&quot;80&quot;,&quot;shutter_speed&quot;:&quot;0.033333333333333&quot;,&quot;title&quot;:&quot;SAMSUNG CAMERA PICTURES&quot;,&quot;orientation&quot;:&quot;1&quot;}\" data-image-title=\"Hall\" data-image-description=\"\" data-image-caption=\"&lt;p&gt;Bienvenue \u00e0 La Source !&lt;\/p&gt;\n\" data-medium-file=\"https:\/\/i0.wp.com\/lasource.be\/wp-content\/uploads\/2018\/09\/SAM_0007.jpg?fit=300%2C225&amp;ssl=1\" data-large-file=\"https:\/\/i0.wp.com\/lasource.be\/wp-content\/uploads\/2018\/09\/SAM_0007.jpg?fit=825%2C619&amp;ssl=1\" \/><\/a>\n\t\t\t<\/div>\n\t\t\t\t<figcaption class='wp-caption-text gallery-caption' id='gallery-1-809'>\n\t\t\t\tBienvenue \u00e0 La Source !\n\t\t\t\t<\/figcaption><\/figure><figure class='gallery-item'>\n\t\t\t<div class='gallery-icon landscape'>\n\t\t\t\t<a href='https:\/\/lasource.be\/?attachment_id=799'><img width=\"150\" height=\"150\" src=\"https:\/\/i0.wp.com\/lasource.be\/wp-content\/uploads\/2018\/09\/tableau-2.jpg?resize=150%2C150&amp;ssl=1\" class=\"attachment-thumbnail size-thumbnail\" alt=\"\" decoding=\"async\" loading=\"lazy\" aria-describedby=\"gallery-1-799\" srcset=\"https:\/\/i0.wp.com\/lasource.be\/wp-content\/uploads\/2018\/09\/tableau-2.jpg?resize=150%2C150&amp;ssl=1 150w, https:\/\/i0.wp.com\/lasource.be\/wp-content\/uploads\/2018\/09\/tableau-2.jpg?resize=180%2C180&amp;ssl=1 180w, https:\/\/i0.wp.com\/lasource.be\/wp-content\/uploads\/2018\/09\/tableau-2.jpg?zoom=2&amp;resize=150%2C150&amp;ssl=1 300w, https:\/\/i0.wp.com\/lasource.be\/wp-content\/uploads\/2018\/09\/tableau-2.jpg?zoom=3&amp;resize=150%2C150&amp;ssl=1 450w\" sizes=\"(max-width: 150px) 100vw, 150px\" data-attachment-id=\"799\" data-permalink=\"https:\/\/lasource.be\/?attachment_id=799\" data-orig-file=\"https:\/\/i0.wp.com\/lasource.be\/wp-content\/uploads\/2018\/09\/tableau-2.jpg?fit=4608%2C3456&amp;ssl=1\" data-orig-size=\"4608,3456\" data-comments-opened=\"1\" data-image-meta=\"{&quot;aperture&quot;:&quot;2.5&quot;,&quot;credit&quot;:&quot;&quot;,&quot;camera&quot;:&quot;ST150F\\\/ST151F\\\/ST152F&quot;,&quot;caption&quot;:&quot;SAMSUNG CAMERA PICTURES&quot;,&quot;created_timestamp&quot;:&quot;1535992506&quot;,&quot;copyright&quot;:&quot;Copyright 2012&quot;,&quot;focal_length&quot;:&quot;4.5&quot;,&quot;iso&quot;:&quot;120&quot;,&quot;shutter_speed&quot;:&quot;0.033333333333333&quot;,&quot;title&quot;:&quot;SAMSUNG CAMERA PICTURES&quot;,&quot;orientation&quot;:&quot;1&quot;}\" data-image-title=\"Salle de cours\" data-image-description=\"\" data-image-caption=\"&lt;p&gt;Notre salle de cours&lt;\/p&gt;\n\" data-medium-file=\"https:\/\/i0.wp.com\/lasource.be\/wp-content\/uploads\/2018\/09\/tableau-2.jpg?fit=300%2C225&amp;ssl=1\" data-large-file=\"https:\/\/i0.wp.com\/lasource.be\/wp-content\/uploads\/2018\/09\/tableau-2.jpg?fit=825%2C619&amp;ssl=1\" \/><\/a>\n\t\t\t<\/div>\n\t\t\t\t<figcaption class='wp-caption-text gallery-caption' id='gallery-1-799'>\n\t\t\t\tNotre salle de cours\n\t\t\t\t<\/figcaption><\/figure><figure class='gallery-item'>\n\t\t\t<div class='gallery-icon landscape'>\n\t\t\t\t<a href='https:\/\/lasource.be\/?attachment_id=798'><img width=\"150\" height=\"150\" src=\"https:\/\/i0.wp.com\/lasource.be\/wp-content\/uploads\/2018\/09\/tableau-1.jpg?resize=150%2C150&amp;ssl=1\" class=\"attachment-thumbnail size-thumbnail\" alt=\"\" decoding=\"async\" loading=\"lazy\" srcset=\"https:\/\/i0.wp.com\/lasource.be\/wp-content\/uploads\/2018\/09\/tableau-1.jpg?resize=150%2C150&amp;ssl=1 150w, https:\/\/i0.wp.com\/lasource.be\/wp-content\/uploads\/2018\/09\/tableau-1.jpg?resize=180%2C180&amp;ssl=1 180w, https:\/\/i0.wp.com\/lasource.be\/wp-content\/uploads\/2018\/09\/tableau-1.jpg?zoom=2&amp;resize=150%2C150&amp;ssl=1 300w, https:\/\/i0.wp.com\/lasource.be\/wp-content\/uploads\/2018\/09\/tableau-1.jpg?zoom=3&amp;resize=150%2C150&amp;ssl=1 450w\" sizes=\"(max-width: 150px) 100vw, 150px\" data-attachment-id=\"798\" data-permalink=\"https:\/\/lasource.be\/?attachment_id=798\" data-orig-file=\"https:\/\/i0.wp.com\/lasource.be\/wp-content\/uploads\/2018\/09\/tableau-1.jpg?fit=4608%2C3456&amp;ssl=1\" data-orig-size=\"4608,3456\" data-comments-opened=\"1\" data-image-meta=\"{&quot;aperture&quot;:&quot;2.5&quot;,&quot;credit&quot;:&quot;&quot;,&quot;camera&quot;:&quot;ST150F\\\/ST151F\\\/ST152F&quot;,&quot;caption&quot;:&quot;SAMSUNG CAMERA PICTURES&quot;,&quot;created_timestamp&quot;:&quot;1535992423&quot;,&quot;copyright&quot;:&quot;Copyright 2012&quot;,&quot;focal_length&quot;:&quot;4.5&quot;,&quot;iso&quot;:&quot;120&quot;,&quot;shutter_speed&quot;:&quot;0.033333333333333&quot;,&quot;title&quot;:&quot;SAMSUNG CAMERA PICTURES&quot;,&quot;orientation&quot;:&quot;1&quot;}\" data-image-title=\"Salle de cours\" data-image-description=\"\" data-image-caption=\"\" data-medium-file=\"https:\/\/i0.wp.com\/lasource.be\/wp-content\/uploads\/2018\/09\/tableau-1.jpg?fit=300%2C225&amp;ssl=1\" data-large-file=\"https:\/\/i0.wp.com\/lasource.be\/wp-content\/uploads\/2018\/09\/tableau-1.jpg?fit=825%2C619&amp;ssl=1\" \/><\/a>\n\t\t\t<\/div><\/figure><figure class='gallery-item'>\n\t\t\t<div class='gallery-icon landscape'>\n\t\t\t\t<a href='https:\/\/lasource.be\/?attachment_id=797'><img width=\"150\" height=\"150\" src=\"https:\/\/i0.wp.com\/lasource.be\/wp-content\/uploads\/2018\/09\/salle-de-cours-2.jpg?resize=150%2C150&amp;ssl=1\" class=\"attachment-thumbnail size-thumbnail\" alt=\"\" decoding=\"async\" loading=\"lazy\" aria-describedby=\"gallery-1-797\" srcset=\"https:\/\/i0.wp.com\/lasource.be\/wp-content\/uploads\/2018\/09\/salle-de-cours-2.jpg?resize=150%2C150&amp;ssl=1 150w, https:\/\/i0.wp.com\/lasource.be\/wp-content\/uploads\/2018\/09\/salle-de-cours-2.jpg?resize=180%2C180&amp;ssl=1 180w, https:\/\/i0.wp.com\/lasource.be\/wp-content\/uploads\/2018\/09\/salle-de-cours-2.jpg?zoom=2&amp;resize=150%2C150&amp;ssl=1 300w, https:\/\/i0.wp.com\/lasource.be\/wp-content\/uploads\/2018\/09\/salle-de-cours-2.jpg?zoom=3&amp;resize=150%2C150&amp;ssl=1 450w\" sizes=\"(max-width: 150px) 100vw, 150px\" data-attachment-id=\"797\" data-permalink=\"https:\/\/lasource.be\/?attachment_id=797\" data-orig-file=\"https:\/\/i0.wp.com\/lasource.be\/wp-content\/uploads\/2018\/09\/salle-de-cours-2.jpg?fit=4608%2C3456&amp;ssl=1\" data-orig-size=\"4608,3456\" data-comments-opened=\"1\" data-image-meta=\"{&quot;aperture&quot;:&quot;2.5&quot;,&quot;credit&quot;:&quot;&quot;,&quot;camera&quot;:&quot;ST150F\\\/ST151F\\\/ST152F&quot;,&quot;caption&quot;:&quot;SAMSUNG CAMERA PICTURES&quot;,&quot;created_timestamp&quot;:&quot;1535992400&quot;,&quot;copyright&quot;:&quot;Copyright 2012&quot;,&quot;focal_length&quot;:&quot;4.5&quot;,&quot;iso&quot;:&quot;80&quot;,&quot;shutter_speed&quot;:&quot;0.033333333333333&quot;,&quot;title&quot;:&quot;SAMSUNG CAMERA PICTURES&quot;,&quot;orientation&quot;:&quot;1&quot;}\" data-image-title=\"Salle de cours\" data-image-description=\"\" data-image-caption=\"&lt;p&gt;Notre salle de cours fra\u00eechement repeinte pour mieux vous accueillir&lt;\/p&gt;\n\" data-medium-file=\"https:\/\/i0.wp.com\/lasource.be\/wp-content\/uploads\/2018\/09\/salle-de-cours-2.jpg?fit=300%2C225&amp;ssl=1\" data-large-file=\"https:\/\/i0.wp.com\/lasource.be\/wp-content\/uploads\/2018\/09\/salle-de-cours-2.jpg?fit=825%2C619&amp;ssl=1\" \/><\/a>\n\t\t\t<\/div>\n\t\t\t\t<figcaption class='wp-caption-text gallery-caption' id='gallery-1-797'>\n\t\t\t\tNotre salle de cours fra\u00eechement repeinte pour mieux vous accueillir\n\t\t\t\t<\/figcaption><\/figure><figure class='gallery-item'>\n\t\t\t<div class='gallery-icon landscape'>\n\t\t\t\t<a href='https:\/\/lasource.be\/?attachment_id=796'><img width=\"150\" height=\"150\" src=\"https:\/\/i0.wp.com\/lasource.be\/wp-content\/uploads\/2018\/09\/salle-de-cours-1.jpg?resize=150%2C150&amp;ssl=1\" class=\"attachment-thumbnail size-thumbnail\" alt=\"\" decoding=\"async\" loading=\"lazy\" srcset=\"https:\/\/i0.wp.com\/lasource.be\/wp-content\/uploads\/2018\/09\/salle-de-cours-1.jpg?resize=150%2C150&amp;ssl=1 150w, https:\/\/i0.wp.com\/lasource.be\/wp-content\/uploads\/2018\/09\/salle-de-cours-1.jpg?resize=180%2C180&amp;ssl=1 180w, https:\/\/i0.wp.com\/lasource.be\/wp-content\/uploads\/2018\/09\/salle-de-cours-1.jpg?zoom=2&amp;resize=150%2C150&amp;ssl=1 300w, https:\/\/i0.wp.com\/lasource.be\/wp-content\/uploads\/2018\/09\/salle-de-cours-1.jpg?zoom=3&amp;resize=150%2C150&amp;ssl=1 450w\" sizes=\"(max-width: 150px) 100vw, 150px\" data-attachment-id=\"796\" data-permalink=\"https:\/\/lasource.be\/?attachment_id=796\" data-orig-file=\"https:\/\/i0.wp.com\/lasource.be\/wp-content\/uploads\/2018\/09\/salle-de-cours-1.jpg?fit=4608%2C3456&amp;ssl=1\" data-orig-size=\"4608,3456\" data-comments-opened=\"1\" data-image-meta=\"{&quot;aperture&quot;:&quot;2.5&quot;,&quot;credit&quot;:&quot;&quot;,&quot;camera&quot;:&quot;ST150F\\\/ST151F\\\/ST152F&quot;,&quot;caption&quot;:&quot;SAMSUNG CAMERA PICTURES&quot;,&quot;created_timestamp&quot;:&quot;1536055349&quot;,&quot;copyright&quot;:&quot;Copyright 2012&quot;,&quot;focal_length&quot;:&quot;4.5&quot;,&quot;iso&quot;:&quot;80&quot;,&quot;shutter_speed&quot;:&quot;0.022222222222222&quot;,&quot;title&quot;:&quot;SAMSUNG CAMERA PICTURES&quot;,&quot;orientation&quot;:&quot;1&quot;}\" data-image-title=\"Salle de cours\" data-image-description=\"\" data-image-caption=\"\" data-medium-file=\"https:\/\/i0.wp.com\/lasource.be\/wp-content\/uploads\/2018\/09\/salle-de-cours-1.jpg?fit=300%2C225&amp;ssl=1\" data-large-file=\"https:\/\/i0.wp.com\/lasource.be\/wp-content\/uploads\/2018\/09\/salle-de-cours-1.jpg?fit=825%2C619&amp;ssl=1\" \/><\/a>\n\t\t\t<\/div><\/figure><figure class='gallery-item'>\n\t\t\t<div class='gallery-icon landscape'>\n\t\t\t\t<a href='https:\/\/lasource.be\/?attachment_id=771'><img width=\"150\" height=\"150\" src=\"https:\/\/i0.wp.com\/lasource.be\/wp-content\/uploads\/2018\/08\/SAM_9977.jpg?resize=150%2C150&amp;ssl=1\" class=\"attachment-thumbnail size-thumbnail\" alt=\"\" decoding=\"async\" loading=\"lazy\" aria-describedby=\"gallery-1-771\" srcset=\"https:\/\/i0.wp.com\/lasource.be\/wp-content\/uploads\/2018\/08\/SAM_9977.jpg?resize=150%2C150&amp;ssl=1 150w, https:\/\/i0.wp.com\/lasource.be\/wp-content\/uploads\/2018\/08\/SAM_9977.jpg?resize=180%2C180&amp;ssl=1 180w, https:\/\/i0.wp.com\/lasource.be\/wp-content\/uploads\/2018\/08\/SAM_9977.jpg?zoom=2&amp;resize=150%2C150&amp;ssl=1 300w, https:\/\/i0.wp.com\/lasource.be\/wp-content\/uploads\/2018\/08\/SAM_9977.jpg?zoom=3&amp;resize=150%2C150&amp;ssl=1 450w\" sizes=\"(max-width: 150px) 100vw, 150px\" data-attachment-id=\"771\" data-permalink=\"https:\/\/lasource.be\/?attachment_id=771\" data-orig-file=\"https:\/\/i0.wp.com\/lasource.be\/wp-content\/uploads\/2018\/08\/SAM_9977.jpg?fit=4608%2C3456&amp;ssl=1\" data-orig-size=\"4608,3456\" data-comments-opened=\"1\" data-image-meta=\"{&quot;aperture&quot;:&quot;2.5&quot;,&quot;credit&quot;:&quot;&quot;,&quot;camera&quot;:&quot;ST150F\\\/ST151F\\\/ST152F&quot;,&quot;caption&quot;:&quot;SAMSUNG CAMERA PICTURES&quot;,&quot;created_timestamp&quot;:&quot;1534956979&quot;,&quot;copyright&quot;:&quot;Copyright 2012&quot;,&quot;focal_length&quot;:&quot;4.5&quot;,&quot;iso&quot;:&quot;120&quot;,&quot;shutter_speed&quot;:&quot;0.033333333333333&quot;,&quot;title&quot;:&quot;SAMSUNG CAMERA PICTURES&quot;,&quot;orientation&quot;:&quot;1&quot;}\" data-image-title=\"Salle informatique\" data-image-description=\"\" data-image-caption=\"&lt;p&gt;Notre salle informatique&lt;\/p&gt;\n\" data-medium-file=\"https:\/\/i0.wp.com\/lasource.be\/wp-content\/uploads\/2018\/08\/SAM_9977.jpg?fit=300%2C225&amp;ssl=1\" data-large-file=\"https:\/\/i0.wp.com\/lasource.be\/wp-content\/uploads\/2018\/08\/SAM_9977.jpg?fit=825%2C619&amp;ssl=1\" \/><\/a>\n\t\t\t<\/div>\n\t\t\t\t<figcaption class='wp-caption-text gallery-caption' id='gallery-1-771'>\n\t\t\t\tNotre salle informatique\n\t\t\t\t<\/figcaption><\/figure><figure class='gallery-item'>\n\t\t\t<div class='gallery-icon landscape'>\n\t\t\t\t<a href='https:\/\/lasource.be\/?attachment_id=770'><img width=\"150\" height=\"150\" src=\"https:\/\/i0.wp.com\/lasource.be\/wp-content\/uploads\/2018\/08\/SAM_9974.jpg?resize=150%2C150&amp;ssl=1\" class=\"attachment-thumbnail size-thumbnail\" alt=\"\" decoding=\"async\" loading=\"lazy\" aria-describedby=\"gallery-1-770\" srcset=\"https:\/\/i0.wp.com\/lasource.be\/wp-content\/uploads\/2018\/08\/SAM_9974.jpg?resize=150%2C150&amp;ssl=1 150w, https:\/\/i0.wp.com\/lasource.be\/wp-content\/uploads\/2018\/08\/SAM_9974.jpg?resize=180%2C180&amp;ssl=1 180w, https:\/\/i0.wp.com\/lasource.be\/wp-content\/uploads\/2018\/08\/SAM_9974.jpg?zoom=2&amp;resize=150%2C150&amp;ssl=1 300w, https:\/\/i0.wp.com\/lasource.be\/wp-content\/uploads\/2018\/08\/SAM_9974.jpg?zoom=3&amp;resize=150%2C150&amp;ssl=1 450w\" sizes=\"(max-width: 150px) 100vw, 150px\" data-attachment-id=\"770\" data-permalink=\"https:\/\/lasource.be\/?attachment_id=770\" data-orig-file=\"https:\/\/i0.wp.com\/lasource.be\/wp-content\/uploads\/2018\/08\/SAM_9974.jpg?fit=4608%2C3456&amp;ssl=1\" data-orig-size=\"4608,3456\" data-comments-opened=\"1\" data-image-meta=\"{&quot;aperture&quot;:&quot;2.5&quot;,&quot;credit&quot;:&quot;&quot;,&quot;camera&quot;:&quot;ST150F\\\/ST151F\\\/ST152F&quot;,&quot;caption&quot;:&quot;SAMSUNG CAMERA PICTURES&quot;,&quot;created_timestamp&quot;:&quot;1534949610&quot;,&quot;copyright&quot;:&quot;Copyright 2012&quot;,&quot;focal_length&quot;:&quot;4.5&quot;,&quot;iso&quot;:&quot;160&quot;,&quot;shutter_speed&quot;:&quot;0.033333333333333&quot;,&quot;title&quot;:&quot;SAMSUNG CAMERA PICTURES&quot;,&quot;orientation&quot;:&quot;1&quot;}\" data-image-title=\"Salle informatique\" data-image-description=\"\" data-image-caption=\"&lt;p&gt;14 ordinateurs \u00e0 votre disposition !&lt;\/p&gt;\n\" data-medium-file=\"https:\/\/i0.wp.com\/lasource.be\/wp-content\/uploads\/2018\/08\/SAM_9974.jpg?fit=300%2C225&amp;ssl=1\" data-large-file=\"https:\/\/i0.wp.com\/lasource.be\/wp-content\/uploads\/2018\/08\/SAM_9974.jpg?fit=825%2C619&amp;ssl=1\" \/><\/a>\n\t\t\t<\/div>\n\t\t\t\t<figcaption class='wp-caption-text gallery-caption' id='gallery-1-770'>\n\t\t\t\t14 ordinateurs \u00e0 votre disposition !\n\t\t\t\t<\/figcaption><\/figure><figure class='gallery-item'>\n\t\t\t<div class='gallery-icon landscape'>\n\t\t\t\t<a href='https:\/\/lasource.be\/?attachment_id=769'><img width=\"150\" height=\"150\" src=\"https:\/\/i0.wp.com\/lasource.be\/wp-content\/uploads\/2018\/08\/SAM_9973.jpg?resize=150%2C150&amp;ssl=1\" class=\"attachment-thumbnail size-thumbnail\" alt=\"\" decoding=\"async\" loading=\"lazy\" srcset=\"https:\/\/i0.wp.com\/lasource.be\/wp-content\/uploads\/2018\/08\/SAM_9973.jpg?resize=150%2C150&amp;ssl=1 150w, https:\/\/i0.wp.com\/lasource.be\/wp-content\/uploads\/2018\/08\/SAM_9973.jpg?resize=180%2C180&amp;ssl=1 180w, https:\/\/i0.wp.com\/lasource.be\/wp-content\/uploads\/2018\/08\/SAM_9973.jpg?zoom=2&amp;resize=150%2C150&amp;ssl=1 300w, https:\/\/i0.wp.com\/lasource.be\/wp-content\/uploads\/2018\/08\/SAM_9973.jpg?zoom=3&amp;resize=150%2C150&amp;ssl=1 450w\" sizes=\"(max-width: 150px) 100vw, 150px\" data-attachment-id=\"769\" data-permalink=\"https:\/\/lasource.be\/?attachment_id=769\" data-orig-file=\"https:\/\/i0.wp.com\/lasource.be\/wp-content\/uploads\/2018\/08\/SAM_9973.jpg?fit=4608%2C3456&amp;ssl=1\" data-orig-size=\"4608,3456\" data-comments-opened=\"1\" data-image-meta=\"{&quot;aperture&quot;:&quot;2.5&quot;,&quot;credit&quot;:&quot;&quot;,&quot;camera&quot;:&quot;ST150F\\\/ST151F\\\/ST152F&quot;,&quot;caption&quot;:&quot;SAMSUNG CAMERA PICTURES&quot;,&quot;created_timestamp&quot;:&quot;1534949599&quot;,&quot;copyright&quot;:&quot;Copyright 2012&quot;,&quot;focal_length&quot;:&quot;4.5&quot;,&quot;iso&quot;:&quot;120&quot;,&quot;shutter_speed&quot;:&quot;0.033333333333333&quot;,&quot;title&quot;:&quot;SAMSUNG CAMERA PICTURES&quot;,&quot;orientation&quot;:&quot;1&quot;}\" data-image-title=\"Salle informatique\" data-image-description=\"\" data-image-caption=\"\" data-medium-file=\"https:\/\/i0.wp.com\/lasource.be\/wp-content\/uploads\/2018\/08\/SAM_9973.jpg?fit=300%2C225&amp;ssl=1\" data-large-file=\"https:\/\/i0.wp.com\/lasource.be\/wp-content\/uploads\/2018\/08\/SAM_9973.jpg?fit=825%2C619&amp;ssl=1\" \/><\/a>\n\t\t\t<\/div><\/figure><figure class='gallery-item'>\n\t\t\t<div class='gallery-icon landscape'>\n\t\t\t\t<a href='https:\/\/lasource.be\/?attachment_id=762'><img width=\"150\" height=\"150\" src=\"https:\/\/i0.wp.com\/lasource.be\/wp-content\/uploads\/2018\/08\/SAM_9967.jpg?resize=150%2C150&amp;ssl=1\" class=\"attachment-thumbnail size-thumbnail\" alt=\"\" decoding=\"async\" loading=\"lazy\" aria-describedby=\"gallery-1-762\" srcset=\"https:\/\/i0.wp.com\/lasource.be\/wp-content\/uploads\/2018\/08\/SAM_9967.jpg?resize=150%2C150&amp;ssl=1 150w, https:\/\/i0.wp.com\/lasource.be\/wp-content\/uploads\/2018\/08\/SAM_9967.jpg?resize=180%2C180&amp;ssl=1 180w, https:\/\/i0.wp.com\/lasource.be\/wp-content\/uploads\/2018\/08\/SAM_9967.jpg?zoom=2&amp;resize=150%2C150&amp;ssl=1 300w, https:\/\/i0.wp.com\/lasource.be\/wp-content\/uploads\/2018\/08\/SAM_9967.jpg?zoom=3&amp;resize=150%2C150&amp;ssl=1 450w\" sizes=\"(max-width: 150px) 100vw, 150px\" data-attachment-id=\"762\" data-permalink=\"https:\/\/lasource.be\/?attachment_id=762\" data-orig-file=\"https:\/\/i0.wp.com\/lasource.be\/wp-content\/uploads\/2018\/08\/SAM_9967.jpg?fit=4608%2C3456&amp;ssl=1\" data-orig-size=\"4608,3456\" data-comments-opened=\"1\" data-image-meta=\"{&quot;aperture&quot;:&quot;2.5&quot;,&quot;credit&quot;:&quot;&quot;,&quot;camera&quot;:&quot;ST150F\\\/ST151F\\\/ST152F&quot;,&quot;caption&quot;:&quot;SAMSUNG CAMERA PICTURES&quot;,&quot;created_timestamp&quot;:&quot;1534937094&quot;,&quot;copyright&quot;:&quot;Copyright 2012&quot;,&quot;focal_length&quot;:&quot;4.5&quot;,&quot;iso&quot;:&quot;120&quot;,&quot;shutter_speed&quot;:&quot;0.004&quot;,&quot;title&quot;:&quot;SAMSUNG CAMERA PICTURES&quot;,&quot;orientation&quot;:&quot;1&quot;}\" data-image-title=\"Service d&amp;rsquo;Insertion Sociale\" data-image-description=\"\" data-image-caption=\"&lt;p&gt;Salle d&amp;rsquo;activit\u00e9s du Service d&amp;rsquo;Insertion Sociale&lt;\/p&gt;\n\" data-medium-file=\"https:\/\/i0.wp.com\/lasource.be\/wp-content\/uploads\/2018\/08\/SAM_9967.jpg?fit=300%2C225&amp;ssl=1\" data-large-file=\"https:\/\/i0.wp.com\/lasource.be\/wp-content\/uploads\/2018\/08\/SAM_9967.jpg?fit=825%2C619&amp;ssl=1\" \/><\/a>\n\t\t\t<\/div>\n\t\t\t\t<figcaption class='wp-caption-text gallery-caption' id='gallery-1-762'>\n\t\t\t\tSalle d&rsquo;activit\u00e9s du Service d&rsquo;Insertion Sociale\n\t\t\t\t<\/figcaption><\/figure><figure class='gallery-item'>\n\t\t\t<div class='gallery-icon landscape'>\n\t\t\t\t<a href='https:\/\/lasource.be\/?attachment_id=761'><img width=\"150\" height=\"150\" src=\"https:\/\/i0.wp.com\/lasource.be\/wp-content\/uploads\/2018\/08\/SAM_9969.jpg?resize=150%2C150&amp;ssl=1\" class=\"attachment-thumbnail size-thumbnail\" alt=\"\" decoding=\"async\" loading=\"lazy\" aria-describedby=\"gallery-1-761\" srcset=\"https:\/\/i0.wp.com\/lasource.be\/wp-content\/uploads\/2018\/08\/SAM_9969.jpg?resize=150%2C150&amp;ssl=1 150w, https:\/\/i0.wp.com\/lasource.be\/wp-content\/uploads\/2018\/08\/SAM_9969.jpg?resize=180%2C180&amp;ssl=1 180w, https:\/\/i0.wp.com\/lasource.be\/wp-content\/uploads\/2018\/08\/SAM_9969.jpg?zoom=2&amp;resize=150%2C150&amp;ssl=1 300w, https:\/\/i0.wp.com\/lasource.be\/wp-content\/uploads\/2018\/08\/SAM_9969.jpg?zoom=3&amp;resize=150%2C150&amp;ssl=1 450w\" sizes=\"(max-width: 150px) 100vw, 150px\" data-attachment-id=\"761\" data-permalink=\"https:\/\/lasource.be\/?attachment_id=761\" data-orig-file=\"https:\/\/i0.wp.com\/lasource.be\/wp-content\/uploads\/2018\/08\/SAM_9969.jpg?fit=4608%2C3456&amp;ssl=1\" data-orig-size=\"4608,3456\" data-comments-opened=\"1\" data-image-meta=\"{&quot;aperture&quot;:&quot;2.5&quot;,&quot;credit&quot;:&quot;&quot;,&quot;camera&quot;:&quot;ST150F\\\/ST151F\\\/ST152F&quot;,&quot;caption&quot;:&quot;SAMSUNG CAMERA PICTURES&quot;,&quot;created_timestamp&quot;:&quot;1534937703&quot;,&quot;copyright&quot;:&quot;Copyright 2012&quot;,&quot;focal_length&quot;:&quot;4.5&quot;,&quot;iso&quot;:&quot;80&quot;,&quot;shutter_speed&quot;:&quot;0.008&quot;,&quot;title&quot;:&quot;SAMSUNG CAMERA PICTURES&quot;,&quot;orientation&quot;:&quot;1&quot;}\" data-image-title=\"Service d&amp;rsquo;Insertion Sociale\" data-image-description=\"\" data-image-caption=\"&lt;p&gt;Notre salle du SIS fra\u00eechement repeinte !&lt;\/p&gt;\n\" data-medium-file=\"https:\/\/i0.wp.com\/lasource.be\/wp-content\/uploads\/2018\/08\/SAM_9969.jpg?fit=300%2C225&amp;ssl=1\" data-large-file=\"https:\/\/i0.wp.com\/lasource.be\/wp-content\/uploads\/2018\/08\/SAM_9969.jpg?fit=825%2C619&amp;ssl=1\" \/><\/a>\n\t\t\t<\/div>\n\t\t\t\t<figcaption class='wp-caption-text gallery-caption' id='gallery-1-761'>\n\t\t\t\tNotre salle du SIS fra\u00eechement repeinte !\n\t\t\t\t<\/figcaption><\/figure>\n\t\t<\/div>\n\n","protected":false},"excerpt":{"rendered":"","protected":false},"author":1,"featured_media":0,"parent":116,"menu_order":3,"comment_status":"closed","ping_status":"closed","template":"","meta":{"jetpack_post_was_ever_published":false},"tags":[],"jetpack_sharing_enabled":true,"jetpack_shortlink":"https:\/\/wp.me\/P8UIgU-cY","jetpack-related-posts":[{"id":49,"url":"https:\/\/lasource.be\/?page_id=49","url_meta":{"origin":804,"position":0},"title":"Contact","date":"6 juillet 2017","format":false,"excerpt":"Une question ? Un renseignement ? Laissez-nous un message en remplissant le formulaire ci-dessous : Ou contactez-nous : Asbl La Source, une cascade de ressources 8, Menuchenet 6834 BELLEVAUX T\u00e9l : 061\/46 86 88 E-mail : lasource@lasource.be Responsable : Sophie GOOSSE","rel":"","context":"Article similaire","img":{"alt_text":"","src":"","width":0,"height":0},"classes":[]},{"id":147,"url":"https:\/\/lasource.be\/?page_id=147","url_meta":{"origin":804,"position":1},"title":"Qui sommes-nous ?","date":"11 juillet 2017","format":false,"excerpt":"La Source, une belle aventure humaine... C\u2019est en 1983 que commence cette belle aventure humaine. A l\u2019initiative du centre de Guidance et du CPAS de Bouillon, divers services \u00e0 la population sont mis en place : Une Maison des Enfants Un Service D\u00e9pannage Un Atelier de Couture Un Salon-Lavoir Un\u2026","rel":"","context":"Article similaire","img":{"alt_text":"","src":"","width":0,"height":0},"classes":[]},{"id":116,"url":"https:\/\/lasource.be\/?page_id=116","url_meta":{"origin":804,"position":2},"title":"Galeries photos","date":"10 juillet 2017","format":false,"excerpt":"","rel":"","context":"Article similaire","img":{"alt_text":"","src":"","width":0,"height":0},"classes":[]},{"id":459,"url":"https:\/\/lasource.be\/?page_id=459","url_meta":{"origin":804,"position":3},"title":"Journ\u00e9e Interculturelle \u00ab\u00a0Les arbres du monde\u00a0\u00bb &#8211; 07\/10\/2017 &#8211; Photos","date":"10 octobre 2017","format":false,"excerpt":"","rel":"","context":"Article similaire","img":{"alt_text":"","src":"https:\/\/i0.wp.com\/lasource.be\/wp-content\/uploads\/2017\/10\/1.jpg?resize=350%2C200","width":350,"height":200},"classes":[]},{"id":47,"url":"https:\/\/lasource.be\/?page_id=47","url_meta":{"origin":804,"position":4},"title":"Espace Public Num\u00e9rique","date":"6 juillet 2017","format":false,"excerpt":"Labellis\u00e9 \"EPN de Wallonie\" depuis 2010, La Source vous propose son service unique dans la r\u00e9gion de Bouillon baptis\u00e9 l' EPN de la Semois Vous n'avez pas d'ordinateur ? Cet espace est pour vous ! De nos jours, l'informatique est devenu indispensable et fait partie de notre quotidien. C'est pourquoi\u2026","rel":"","context":"Article similaire","img":{"alt_text":"","src":"","width":0,"height":0},"classes":[]},{"id":46,"url":"https:\/\/lasource.be\/?page_id=46","url_meta":{"origin":804,"position":5},"title":"Service d&rsquo;Insertion Sociale","date":"6 juillet 2017","format":false,"excerpt":"Vous vous posez des questions sur votre avenir ? Vous souhaitez briser votre isolement et reprendre go\u00fbt \u00e0 la vie sociale ? Vous cherchez un lieu d'accueil chaleureux o\u00f9 l'on vous \u00e9coute, o\u00f9 l'on partage, o\u00f9 vous avez la parole ? Venez nous rejoindre ! Le public cible : Le\u2026","rel":"","context":"Article similaire","img":{"alt_text":"","src":"https:\/\/i0.wp.com\/lasource.be\/wp-content\/uploads\/2024\/09\/pub-bulletin-communal-2024-FINISH-300x211.png?resize=350%2C200&ssl=1","width":350,"height":200},"classes":[]}],"_links":{"self":[{"href":"https:\/\/lasource.be\/index.php?rest_route=\/wp\/v2\/pages\/804"}],"collection":[{"href":"https:\/\/lasource.be\/index.php?rest_route=\/wp\/v2\/pages"}],"about":[{"href":"https:\/\/lasource.be\/index.php?rest_route=\/wp\/v2\/types\/page"}],"author":[{"embeddable":true,"href":"https:\/\/lasource.be\/index.php?rest_route=\/wp\/v2\/users\/1"}],"replies":[{"embeddable":true,"href":"https:\/\/lasource.be\/index.php?rest_route=%2Fwp%2Fv2%2Fcomments&post=804"}],"version-history":[{"count":2,"href":"https:\/\/lasource.be\/index.php?rest_route=\/wp\/v2\/pages\/804\/revisions"}],"predecessor-version":[{"id":810,"href":"https:\/\/lasource.be\/index.php?rest_route=\/wp\/v2\/pages\/804\/revisions\/810"}],"up":[{"embeddable":true,"href":"https:\/\/lasource.be\/index.php?rest_route=\/wp\/v2\/pages\/116"}],"wp:attachment":[{"href":"https:\/\/lasource.be\/index.php?rest_route=%2Fwp%2Fv2%2Fmedia&parent=804"}],"wp:term":[{"taxonomy":"post_tag","embeddable":true,"href":"https:\/\/lasource.be\/index.php?rest_route=%2Fwp%2Fv2%2Ftags&post=804"}],"curies":[{"name":"wp","href":"https:\/\/api.w.org\/{rel}","templated":true}]}}