{"id":85,"date":"2017-07-07T14:15:38","date_gmt":"2017-07-07T12:15:38","guid":{"rendered":"http:\/\/lasource.be\/?page_id=85"},"modified":"2026-01-26T15:51:53","modified_gmt":"2026-01-26T14:51:53","slug":"au-fil-de-leau","status":"publish","type":"page","link":"https:\/\/lasource.be\/?page_id=85","title":{"rendered":"Au Fil de l&rsquo;Eau"},"content":{"rendered":"<h3><a href=\"https:\/\/i0.wp.com\/lasource.be\/wp-content\/uploads\/2022\/04\/Indexation-salon-lavoir-Lessive.png\" target=\"_blank\" rel=\"noopener\"><img data-attachment-id=\"1720\" data-permalink=\"https:\/\/lasource.be\/?attachment_id=1720\" data-orig-file=\"https:\/\/i0.wp.com\/lasource.be\/wp-content\/uploads\/2022\/04\/Indexation-salon-lavoir-Lessive.png?fit=3508%2C2480&amp;ssl=1\" data-orig-size=\"3508,2480\" data-comments-opened=\"1\" data-image-meta=\"{&quot;aperture&quot;:&quot;0&quot;,&quot;credit&quot;:&quot;&quot;,&quot;camera&quot;:&quot;&quot;,&quot;caption&quot;:&quot;&quot;,&quot;created_timestamp&quot;:&quot;0&quot;,&quot;copyright&quot;:&quot;&quot;,&quot;focal_length&quot;:&quot;0&quot;,&quot;iso&quot;:&quot;0&quot;,&quot;shutter_speed&quot;:&quot;0&quot;,&quot;title&quot;:&quot;&quot;,&quot;orientation&quot;:&quot;0&quot;}\" data-image-title=\"Indexation salon lavoir &#8211; Lessive\" data-image-description=\"\" data-image-caption=\"\" data-medium-file=\"https:\/\/i0.wp.com\/lasource.be\/wp-content\/uploads\/2022\/04\/Indexation-salon-lavoir-Lessive.png?fit=300%2C212&amp;ssl=1\" data-large-file=\"https:\/\/i0.wp.com\/lasource.be\/wp-content\/uploads\/2022\/04\/Indexation-salon-lavoir-Lessive.png?fit=825%2C583&amp;ssl=1\" decoding=\"async\" loading=\"lazy\" class=\"alignleft wp-image-1720 size-medium\" src=\"https:\/\/i0.wp.com\/lasource.be\/wp-content\/uploads\/2022\/04\/Indexation-salon-lavoir-Lessive-300x212.png?resize=300%2C212\" alt=\"\" width=\"300\" height=\"212\" srcset=\"https:\/\/i0.wp.com\/lasource.be\/wp-content\/uploads\/2022\/04\/Indexation-salon-lavoir-Lessive.png?resize=300%2C212&amp;ssl=1 300w, https:\/\/i0.wp.com\/lasource.be\/wp-content\/uploads\/2022\/04\/Indexation-salon-lavoir-Lessive.png?resize=768%2C543&amp;ssl=1 768w, https:\/\/i0.wp.com\/lasource.be\/wp-content\/uploads\/2022\/04\/Indexation-salon-lavoir-Lessive.png?resize=1024%2C724&amp;ssl=1 1024w, https:\/\/i0.wp.com\/lasource.be\/wp-content\/uploads\/2022\/04\/Indexation-salon-lavoir-Lessive.png?w=1650&amp;ssl=1 1650w, https:\/\/i0.wp.com\/lasource.be\/wp-content\/uploads\/2022\/04\/Indexation-salon-lavoir-Lessive.png?w=2475&amp;ssl=1 2475w\" sizes=\"(max-width: 300px) 100vw, 300px\" data-recalc-dims=\"1\" \/><\/a> <a href=\"https:\/\/i0.wp.com\/lasource.be\/wp-content\/uploads\/2022\/04\/Indexation-salon-lavoir.png\" target=\"_blank\" rel=\"noopener\"><img data-attachment-id=\"1721\" data-permalink=\"https:\/\/lasource.be\/?attachment_id=1721\" data-orig-file=\"https:\/\/i0.wp.com\/lasource.be\/wp-content\/uploads\/2022\/04\/Indexation-salon-lavoir.png?fit=3508%2C2480&amp;ssl=1\" data-orig-size=\"3508,2480\" data-comments-opened=\"1\" data-image-meta=\"{&quot;aperture&quot;:&quot;0&quot;,&quot;credit&quot;:&quot;&quot;,&quot;camera&quot;:&quot;&quot;,&quot;caption&quot;:&quot;&quot;,&quot;created_timestamp&quot;:&quot;0&quot;,&quot;copyright&quot;:&quot;&quot;,&quot;focal_length&quot;:&quot;0&quot;,&quot;iso&quot;:&quot;0&quot;,&quot;shutter_speed&quot;:&quot;0&quot;,&quot;title&quot;:&quot;&quot;,&quot;orientation&quot;:&quot;0&quot;}\" data-image-title=\"Indexation salon lavoir\" data-image-description=\"\" data-image-caption=\"\" data-medium-file=\"https:\/\/i0.wp.com\/lasource.be\/wp-content\/uploads\/2022\/04\/Indexation-salon-lavoir.png?fit=300%2C212&amp;ssl=1\" data-large-file=\"https:\/\/i0.wp.com\/lasource.be\/wp-content\/uploads\/2022\/04\/Indexation-salon-lavoir.png?fit=825%2C583&amp;ssl=1\" decoding=\"async\" loading=\"lazy\" class=\"alignleft wp-image-1721 size-medium\" src=\"https:\/\/i0.wp.com\/lasource.be\/wp-content\/uploads\/2022\/04\/Indexation-salon-lavoir-300x212.png?resize=300%2C212\" alt=\"\" width=\"300\" height=\"212\" srcset=\"https:\/\/i0.wp.com\/lasource.be\/wp-content\/uploads\/2022\/04\/Indexation-salon-lavoir.png?resize=300%2C212&amp;ssl=1 300w, https:\/\/i0.wp.com\/lasource.be\/wp-content\/uploads\/2022\/04\/Indexation-salon-lavoir.png?resize=768%2C543&amp;ssl=1 768w, https:\/\/i0.wp.com\/lasource.be\/wp-content\/uploads\/2022\/04\/Indexation-salon-lavoir.png?resize=1024%2C724&amp;ssl=1 1024w, https:\/\/i0.wp.com\/lasource.be\/wp-content\/uploads\/2022\/04\/Indexation-salon-lavoir.png?w=1650&amp;ssl=1 1650w, https:\/\/i0.wp.com\/lasource.be\/wp-content\/uploads\/2022\/04\/Indexation-salon-lavoir.png?w=2475&amp;ssl=1 2475w\" sizes=\"(max-width: 300px) 100vw, 300px\" data-recalc-dims=\"1\" \/><\/a><\/h3>\n<h3><\/h3>\n<h3 style=\"text-align: left;\"><span style=\"color: #36b7c1;\">Salon-lavoir\u00a0 &#8211;\u00a0 Repassage<\/span><\/h3>\n<p style=\"text-align: center;\"><em>L&rsquo;id\u00e9e d&rsquo;ouvrir un atelier couture, salon-lavoir est apparue en 1984.<\/em><br \/>\n<em>Au fil du temps, l&rsquo;id\u00e9e germa pour lui donner naissance en 1987.<\/em><br \/>\n<em>Apr\u00e8s plusieurs saisons florissantes, on le baptisa \u00ab\u00a0Au Fil de l&rsquo;Eau\u00a0\u00bb&#8230;<\/em><\/p>\n<h3><\/h3>\n<h3><span style=\"color: #36b7c1;\">L\u2019atelier \u00ab Au Fil de l\u2019Eau \u00bb propose diff\u00e9rents services tels que :<\/span><\/h3>\n<ul>\n<li><strong>Centrale de repassage<\/strong> : L\u2019atelier est agr\u00e9\u00e9 \u00ab Titres-Services \u00bb.<br \/>\nCela vous permet de b\u00e9n\u00e9ficier d\u2019un <strong>repassage professionnel \u00e0 un prix doux\u2026<br \/>\n<\/strong>Vous d\u00e9posez votre linge lav\u00e9 et s\u00e9ch\u00e9 dans notre centrale de repassage situ\u00e9e \u00e0 Noirefontaine, vous le r\u00e9cup\u00e9rerez repass\u00e9 et pli\u00e9 avec soin.<br \/>\nNous garantissons le repassage de votre linge dans les 48 heures maximum.<\/li>\n<li><strong>Salon-lavoir<\/strong> : Le salon est \u00e9quip\u00e9 d&rsquo;une machine et d&rsquo;un s\u00e8che-linge de 11 kg.<\/li>\n<li><strong>Confections<\/strong> pour particuliers et collectivit\u00e9s, <strong>raccommodage et retouches<\/strong> : L\u2019atelier \u00ab Au Fil de l\u2019Eau \u00bb est \u00e0 votre disposition pour r\u00e9aliser toutes vos envies.<br \/>\nForte de plusieurs ann\u00e9es d\u2019exp\u00e9riences, l\u2019\u00e9quipe travaille r\u00e9guli\u00e8rement avec des confr\u00e9ries, entreprises et h\u00f4tels de la r\u00e9gion, Syndicat d\u2019initiatives, troupes de th\u00e9\u00e2tre, \u2026<\/li>\n<\/ul>\n<p>Depuis 2016, nous avons acquis une <strong>brodeuse<\/strong> qui nous permet de personnaliser vos tee-shirts, essuies, cadeaux de naissance, \u2026<\/p>\n<ul>\n<li>Dans le cadre d\u2019une collaboration avec le centre d\u2019expression et de cr\u00e9ativit\u00e9 de Florenville, des <strong>cours de couture<\/strong> sont donn\u00e9s chaque jeudi \u00e0 Florenville. Cours pour d\u00e9butants et confirm\u00e9s.<\/li>\n<li>Dans le cadre de nos <strong>formations<\/strong>, les stagiaires ont l&rsquo;opportunit\u00e9 de d\u00e9velopper des comp\u00e9tences artistiques via des ateliers d&rsquo;expression cr\u00e9ative, d\u00e9couverte de l&rsquo;art, apprentissage des bases de la couture, r\u00e9cup\/recyclage, \u2026<\/li>\n<\/ul>\n<p>&nbsp;<\/p>\n<h3><span style=\"color: #36b7c1;\">Horaire :<\/span><\/h3>\n<p>L\u2019atelier \u00ab Au Fil de l\u2019Eau \u00bb est ouvert du lundi au vendredi de 8h00 \u00e0 17h00 et les mercredis et vendredis jusque 17h30.<\/p>\n<h3><span style=\"color: #36b7c1;\">Contact :<\/span><\/h3>\n<p>Cathy Bellefond : 061\/46 86 88<\/p>\n<p>Menuchenet, 8<br \/>\n6834 BELLEVAUX<\/p>\n<p>Email : aufildeleau.bouillon@skynet.be<\/p>\n","protected":false},"excerpt":{"rendered":"<p>Salon-lavoir\u00a0 &#8211;\u00a0 Repassage L&rsquo;id\u00e9e d&rsquo;ouvrir un atelier couture, salon-lavoir est apparue en 1984. Au fil du temps, l&rsquo;id\u00e9e germa pour lui donner naissance en 1987. Apr\u00e8s plusieurs saisons florissantes, on&hellip; <a href=\"https:\/\/lasource.be\/?page_id=85\" class=\"more-link\">Lire la suite <span class=\"screen-reader-text\">Au Fil de l&rsquo;Eau<\/span><\/a><\/p>\n","protected":false},"author":1,"featured_media":0,"parent":0,"menu_order":3,"comment_status":"closed","ping_status":"closed","template":"","meta":{"jetpack_post_was_ever_published":false},"tags":[],"jetpack_sharing_enabled":true,"jetpack_shortlink":"https:\/\/wp.me\/P8UIgU-1n","jetpack-related-posts":[{"id":41,"url":"https:\/\/lasource.be\/?page_id=41","url_meta":{"origin":85,"position":0},"title":"Notre \u00e9quipe","date":"6 juillet 2017","format":false,"excerpt":"Notre \u00e9quipe sera ravie de vous accueillir\u2026 La direction : Sophie GOOSSE Le service social : Audrey BRICHET Sophie GOOSSE Elodie ISTASSE Vinciane GOFFAUX Le service comptabilit\u00e9 : Sylvie LAMOTTE Les formateurs : Informatique : Laurent BOURDON (Informatique\/Bureautique\/Animateur Espace Public Num\u00e9rique) Sophie HENON (Informatique\/Bureautique\/DIGISTART) Multim\u00e9dia : Nicola\u00ef BLOMSTRAND (Multim\u00e9dia\/Photographie) Remise\u2026","rel":"","context":"Article similaire","img":{"alt_text":"","src":"","width":0,"height":0},"classes":[]},{"id":48,"url":"https:\/\/lasource.be\/?page_id=48","url_meta":{"origin":85,"position":1},"title":"Titres-Services","date":"6 juillet 2017","format":false,"excerpt":"Confiance - Comp\u00e9tence - Proximit\u00e9 Besoin d'un petit ou d'un gros coup de mains ? \u00a0 Nous proposons au domicile du client : Le nettoyage de l'habitation et des vitres Le repassage \u00e0 domicile Les courses m\u00e9nag\u00e8res La pr\u00e9paration des repas \u00a0 Nous proposons \u00e9galement au sein de notre atelier\u2026","rel":"","context":"Article similaire","img":{"alt_text":"","src":"","width":0,"height":0},"classes":[]},{"id":147,"url":"https:\/\/lasource.be\/?page_id=147","url_meta":{"origin":85,"position":2},"title":"Qui sommes-nous ?","date":"11 juillet 2017","format":false,"excerpt":"La Source, une belle aventure humaine... C\u2019est en 1983 que commence cette belle aventure humaine. A l\u2019initiative du centre de Guidance et du CPAS de Bouillon, divers services \u00e0 la population sont mis en place : Une Maison des Enfants Un Service D\u00e9pannage Un Atelier de Couture Un Salon-Lavoir Un\u2026","rel":"","context":"Article similaire","img":{"alt_text":"","src":"","width":0,"height":0},"classes":[]},{"id":895,"url":"https:\/\/lasource.be\/?page_id=895","url_meta":{"origin":85,"position":3},"title":"Atelier multim\u00e9dia \/ R\u00e9alisation d&rsquo;un documentaire au centre \u00ab\u00a0Revivre \u00e0 Sugny\u00a0\u00bb","date":"4 d\u00e9cembre 2018","format":false,"excerpt":"","rel":"","context":"Article similaire","img":{"alt_text":"","src":"https:\/\/i0.wp.com\/lasource.be\/wp-content\/uploads\/2018\/12\/IMG_9668.jpg?resize=350%2C200","width":350,"height":200},"classes":[]},{"id":44,"url":"https:\/\/lasource.be\/?page_id=44","url_meta":{"origin":85,"position":4},"title":"Je Cr\u00e9e Mon Avenir 35h","date":"6 juillet 2017","format":false,"excerpt":"- Formation destin\u00e9e \u00e0 toute personne ayant besoin d'accompagnement afin de d\u00e9terminer son projet ou sa r\u00e9orientation professionnelle - Objectifs : Construire\/d\u00e9finir son projet professionnel et personnel \u00c9tablir un plan d\u2019actions Pour y participer : La formation est ouverte aux personnes de tous \u00e2ges, \u00e0 partir de 18 ans :\u2026","rel":"","context":"Article similaire","img":{"alt_text":"","src":"https:\/\/i0.wp.com\/lasource.be\/wp-content\/uploads\/2025\/08\/Pub-JCMA-sans-date-300x192.png?resize=350%2C200&ssl=1","width":350,"height":200},"classes":[]},{"id":46,"url":"https:\/\/lasource.be\/?page_id=46","url_meta":{"origin":85,"position":5},"title":"Service d&rsquo;Insertion Sociale","date":"6 juillet 2017","format":false,"excerpt":"Vous vous posez des questions sur votre avenir ? Vous souhaitez briser votre isolement et reprendre go\u00fbt \u00e0 la vie sociale ? Vous cherchez un lieu d'accueil chaleureux o\u00f9 l'on vous \u00e9coute, o\u00f9 l'on partage, o\u00f9 vous avez la parole ? Venez nous rejoindre ! Le public cible : Le\u2026","rel":"","context":"Article similaire","img":{"alt_text":"","src":"https:\/\/i0.wp.com\/lasource.be\/wp-content\/uploads\/2024\/09\/pub-bulletin-communal-2024-FINISH-300x211.png?resize=350%2C200&ssl=1","width":350,"height":200},"classes":[]}],"_links":{"self":[{"href":"https:\/\/lasource.be\/index.php?rest_route=\/wp\/v2\/pages\/85"}],"collection":[{"href":"https:\/\/lasource.be\/index.php?rest_route=\/wp\/v2\/pages"}],"about":[{"href":"https:\/\/lasource.be\/index.php?rest_route=\/wp\/v2\/types\/page"}],"author":[{"embeddable":true,"href":"https:\/\/lasource.be\/index.php?rest_route=\/wp\/v2\/users\/1"}],"replies":[{"embeddable":true,"href":"https:\/\/lasource.be\/index.php?rest_route=%2Fwp%2Fv2%2Fcomments&post=85"}],"version-history":[{"count":21,"href":"https:\/\/lasource.be\/index.php?rest_route=\/wp\/v2\/pages\/85\/revisions"}],"predecessor-version":[{"id":2872,"href":"https:\/\/lasource.be\/index.php?rest_route=\/wp\/v2\/pages\/85\/revisions\/2872"}],"wp:attachment":[{"href":"https:\/\/lasource.be\/index.php?rest_route=%2Fwp%2Fv2%2Fmedia&parent=85"}],"wp:term":[{"taxonomy":"post_tag","embeddable":true,"href":"https:\/\/lasource.be\/index.php?rest_route=%2Fwp%2Fv2%2Ftags&post=85"}],"curies":[{"name":"wp","href":"https:\/\/api.w.org\/{rel}","templated":true}]}}